{"id":5846,"date":"2024-04-26T20:22:07","date_gmt":"2024-04-26T20:22:07","guid":{"rendered":"https:\/\/ohmyfi.co\/contato\/"},"modified":"2025-04-24T20:38:47","modified_gmt":"2025-04-24T20:38:47","slug":"contato","status":"publish","type":"page","link":"https:\/\/ohmyfi.co\/pt-br\/contato\/","title":{"rendered":"Contato"},"content":{"rendered":"\t\t<div data-elementor-type=\"wp-page\" data-elementor-id=\"5846\" class=\"elementor elementor-5846 elementor-44\" data-elementor-post-type=\"page\">\n\t\t\t\t<div class=\"elementor-element elementor-element-6def167f e-flex e-con-boxed e-con e-parent\" data-id=\"6def167f\" data-element_type=\"container\" data-settings=\"{&quot;background_background&quot;:&quot;classic&quot;}\">\n\t\t\t\t\t<div class=\"e-con-inner\">\n\t\t<div class=\"elementor-element elementor-element-4ea23872 e-con-full e-flex e-con e-child\" data-id=\"4ea23872\" data-element_type=\"container\">\n\t\t\t\t<div class=\"elementor-element elementor-element-3936a0c elementor-widget elementor-widget-heading\" data-id=\"3936a0c\" data-element_type=\"widget\" data-widget_type=\"heading.default\">\n\t\t\t\t<div class=\"elementor-widget-container\">\n\t\t\t\t\t<h2 class=\"elementor-heading-title elementor-size-default\">Contato<\/h2>\t\t\t\t<\/div>\n\t\t\t\t<\/div>\n\t\t\t\t<\/div>\n\t\t\t\t\t<\/div>\n\t\t\t\t<\/div>\n\t\t<div class=\"elementor-element elementor-element-2e16519c e-flex e-con-boxed e-con e-parent\" data-id=\"2e16519c\" data-element_type=\"container\">\n\t\t\t\t\t<div class=\"e-con-inner\">\n\t\t<div class=\"elementor-element elementor-element-5e2aae71 e-con-full e-flex e-con e-child\" data-id=\"5e2aae71\" data-element_type=\"container\">\n\t\t<div class=\"elementor-element elementor-element-6613ccf e-con-full e-flex e-con e-child\" data-id=\"6613ccf\" data-element_type=\"container\">\n\t\t\t\t<div class=\"elementor-element elementor-element-33a2f3c8 elementor-widget elementor-widget-text-editor\" data-id=\"33a2f3c8\" data-element_type=\"widget\" data-widget_type=\"text-editor.default\">\n\t\t\t\t<div class=\"elementor-widget-container\">\n\t\t\t\t\t\t\t\t\t<p>Quer transformar o WiFi da sua empresa em uma ferramenta de marketing eficaz? Na <b>OhmyFi <\/b>n\u00f3s o ajudamos a capturar dados, fidelizar clientes e melhorar a experi\u00eancia deles em sua zona wifi, realizar an\u00e1lises inteligentes, entre em contato conosco e leve sua marca para o pr\u00f3ximo n\u00edvel!<\/p>\t\t\t\t\t\t\t\t<\/div>\n\t\t\t\t<\/div>\n\t\t\t\t<\/div>\n\t\t<div class=\"elementor-element elementor-element-76694727 e-con-full e-flex e-con e-child\" data-id=\"76694727\" data-element_type=\"container\">\n\t\t\t\t<div class=\"elementor-element elementor-element-25dc07bb elementor-widget__width-inherit elementor-invisible elementor-widget elementor-widget-video\" data-id=\"25dc07bb\" data-element_type=\"widget\" data-settings=\"{&quot;youtube_url&quot;:&quot;https:\\\/\\\/youtu.be\\\/yiVQddKJGfk&quot;,&quot;autoplay&quot;:&quot;yes&quot;,&quot;mute&quot;:&quot;yes&quot;,&quot;loop&quot;:&quot;yes&quot;,&quot;yt_privacy&quot;:&quot;yes&quot;,&quot;lazy_load&quot;:&quot;yes&quot;,&quot;_animation&quot;:&quot;fadeInRight&quot;,&quot;start&quot;:2,&quot;video_type&quot;:&quot;youtube&quot;}\" data-widget_type=\"video.default\">\n\t\t\t\t<div class=\"elementor-widget-container\">\n\t\t\t\t\t\t\t<div class=\"elementor-wrapper elementor-open-inline\">\n\t\t\t<div class=\"elementor-video\"><\/div>\t\t<\/div>\n\t\t\t\t\t\t<\/div>\n\t\t\t\t<\/div>\n\t\t\t\t<\/div>\n\t\t\t\t<\/div>\n\t\t\t\t\t<\/div>\n\t\t\t\t<\/div>\n\t\t<div class=\"elementor-element elementor-element-5b1ea06f e-flex e-con-boxed e-con e-parent\" data-id=\"5b1ea06f\" data-element_type=\"container\">\n\t\t\t\t\t<div class=\"e-con-inner\">\n\t\t<div class=\"elementor-element elementor-element-5a86cf9d e-con-full e-flex e-con e-child\" data-id=\"5a86cf9d\" data-element_type=\"container\">\n\t\t\t\t<div class=\"elementor-element elementor-element-5a6a2cbf elementor-widget elementor-widget-heading\" data-id=\"5a6a2cbf\" data-element_type=\"widget\" data-widget_type=\"heading.default\">\n\t\t\t\t<div class=\"elementor-widget-container\">\n\t\t\t\t\t<h2 class=\"elementor-heading-title elementor-size-default\">Onde estamos?<\/h2>\t\t\t\t<\/div>\n\t\t\t\t<\/div>\n\t\t\t\t<div class=\"elementor-element elementor-element-46236179 elementor-widget elementor-widget-text-editor\" data-id=\"46236179\" data-element_type=\"widget\" data-widget_type=\"text-editor.default\">\n\t\t\t\t<div class=\"elementor-widget-container\">\n\t\t\t\t\t\t\t\t\t<p>Encontre-nos em diferentes cidades da Col\u00f4mbia e de outros pa\u00edses. Todos os dias chegamos a um novo lugar!<\/p><p><span style=\"text-align: center;\">Ainda n\u00e3o estamos no seu pa\u00eds? Escreva-nos e encontraremos uma maneira de faz\u00ea-lo.<\/span><\/p>\t\t\t\t\t\t\t\t<\/div>\n\t\t\t\t<\/div>\n\t\t\t\t<div class=\"elementor-element elementor-element-226909fe elementor-widget elementor-widget-toggle\" data-id=\"226909fe\" data-element_type=\"widget\" data-widget_type=\"toggle.default\">\n\t\t\t\t<div class=\"elementor-widget-container\">\n\t\t\t\t\t\t\t<div class=\"elementor-toggle\">\n\t\t\t\t\t\t\t<div class=\"elementor-toggle-item\">\n\t\t\t\t\t<div id=\"elementor-tab-title-5771\" class=\"elementor-tab-title\" data-tab=\"1\" role=\"button\" aria-controls=\"elementor-tab-content-5771\" aria-expanded=\"false\">\n\t\t\t\t\t\t\t\t\t\t\t\t<span class=\"elementor-toggle-icon elementor-toggle-icon-left\" aria-hidden=\"true\">\n\t\t\t\t\t\t\t\t\t\t\t\t\t\t\t<span class=\"elementor-toggle-icon-closed\"><i class=\"fas fa-caret-right\"><\/i><\/span>\n\t\t\t\t\t\t\t\t<span class=\"elementor-toggle-icon-opened\"><i class=\"elementor-toggle-icon-opened fas fa-caret-up\"><\/i><\/span>\n\t\t\t\t\t\t\t\t\t\t\t\t\t<\/span>\n\t\t\t\t\t\t\t\t\t\t\t\t<a class=\"elementor-toggle-title\" tabindex=\"0\">Escrit\u00f3rio Central de Bogot\u00e1<\/a>\n\t\t\t\t\t<\/div>\n\n\t\t\t\t\t<div id=\"elementor-tab-content-5771\" class=\"elementor-tab-content elementor-clearfix\" data-tab=\"1\" role=\"region\" aria-labelledby=\"elementor-tab-title-5771\"><p>Bogot\u00e1, Colombia<br \/><strong>Phone<\/strong>: (+57) 317 439 4341<br \/><strong>Mail<\/strong>: info@ohmyfi.com<\/p><\/div>\n\t\t\t\t<\/div>\n\t\t\t\t\t\t\t<div class=\"elementor-toggle-item\">\n\t\t\t\t\t<div id=\"elementor-tab-title-5772\" class=\"elementor-tab-title\" data-tab=\"2\" role=\"button\" aria-controls=\"elementor-tab-content-5772\" aria-expanded=\"false\">\n\t\t\t\t\t\t\t\t\t\t\t\t<span class=\"elementor-toggle-icon elementor-toggle-icon-left\" aria-hidden=\"true\">\n\t\t\t\t\t\t\t\t\t\t\t\t\t\t\t<span class=\"elementor-toggle-icon-closed\"><i class=\"fas fa-caret-right\"><\/i><\/span>\n\t\t\t\t\t\t\t\t<span class=\"elementor-toggle-icon-opened\"><i class=\"elementor-toggle-icon-opened fas fa-caret-up\"><\/i><\/span>\n\t\t\t\t\t\t\t\t\t\t\t\t\t<\/span>\n\t\t\t\t\t\t\t\t\t\t\t\t<a class=\"elementor-toggle-title\" tabindex=\"0\">OhmyFi Per\u00fa<\/a>\n\t\t\t\t\t<\/div>\n\n\t\t\t\t\t<div id=\"elementor-tab-content-5772\" class=\"elementor-tab-content elementor-clearfix\" data-tab=\"2\" role=\"region\" aria-labelledby=\"elementor-tab-title-5772\"><p>Lima, Per\u00fa\u00a0<br \/><strong>Mail<\/strong>: peru@ohmyfi.com<\/p><\/div>\n\t\t\t\t<\/div>\n\t\t\t\t\t\t\t<div class=\"elementor-toggle-item\">\n\t\t\t\t\t<div id=\"elementor-tab-title-5773\" class=\"elementor-tab-title\" data-tab=\"3\" role=\"button\" aria-controls=\"elementor-tab-content-5773\" aria-expanded=\"false\">\n\t\t\t\t\t\t\t\t\t\t\t\t<span class=\"elementor-toggle-icon elementor-toggle-icon-left\" aria-hidden=\"true\">\n\t\t\t\t\t\t\t\t\t\t\t\t\t\t\t<span class=\"elementor-toggle-icon-closed\"><i class=\"fas fa-caret-right\"><\/i><\/span>\n\t\t\t\t\t\t\t\t<span class=\"elementor-toggle-icon-opened\"><i class=\"elementor-toggle-icon-opened fas fa-caret-up\"><\/i><\/span>\n\t\t\t\t\t\t\t\t\t\t\t\t\t<\/span>\n\t\t\t\t\t\t\t\t\t\t\t\t<a class=\"elementor-toggle-title\" tabindex=\"0\">OhmyFi Honduras<\/a>\n\t\t\t\t\t<\/div>\n\n\t\t\t\t\t<div id=\"elementor-tab-content-5773\" class=\"elementor-tab-content elementor-clearfix\" data-tab=\"3\" role=\"region\" aria-labelledby=\"elementor-tab-title-5773\"><p>San Pedro Sula, Honduras\u00a0<br \/><strong>Mail<\/strong>: honduras@ohmyfi.com<\/p><\/div>\n\t\t\t\t<\/div>\n\t\t\t\t\t\t\t<div class=\"elementor-toggle-item\">\n\t\t\t\t\t<div id=\"elementor-tab-title-5774\" class=\"elementor-tab-title\" data-tab=\"4\" role=\"button\" aria-controls=\"elementor-tab-content-5774\" aria-expanded=\"false\">\n\t\t\t\t\t\t\t\t\t\t\t\t<span class=\"elementor-toggle-icon elementor-toggle-icon-left\" aria-hidden=\"true\">\n\t\t\t\t\t\t\t\t\t\t\t\t\t\t\t<span class=\"elementor-toggle-icon-closed\"><i class=\"fas fa-caret-right\"><\/i><\/span>\n\t\t\t\t\t\t\t\t<span class=\"elementor-toggle-icon-opened\"><i class=\"elementor-toggle-icon-opened fas fa-caret-up\"><\/i><\/span>\n\t\t\t\t\t\t\t\t\t\t\t\t\t<\/span>\n\t\t\t\t\t\t\t\t\t\t\t\t<a class=\"elementor-toggle-title\" tabindex=\"0\">OhmyFi Ecuador<\/a>\n\t\t\t\t\t<\/div>\n\n\t\t\t\t\t<div id=\"elementor-tab-content-5774\" class=\"elementor-tab-content elementor-clearfix\" data-tab=\"4\" role=\"region\" aria-labelledby=\"elementor-tab-title-5774\"><p>Quito, Ecuador<br \/><strong>Mail<\/strong>: ecuador@ohmyfi.com<\/p><\/div>\n\t\t\t\t<\/div>\n\t\t\t\t\t\t\t<div class=\"elementor-toggle-item\">\n\t\t\t\t\t<div id=\"elementor-tab-title-5775\" class=\"elementor-tab-title\" data-tab=\"5\" role=\"button\" aria-controls=\"elementor-tab-content-5775\" aria-expanded=\"false\">\n\t\t\t\t\t\t\t\t\t\t\t\t<span class=\"elementor-toggle-icon elementor-toggle-icon-left\" aria-hidden=\"true\">\n\t\t\t\t\t\t\t\t\t\t\t\t\t\t\t<span class=\"elementor-toggle-icon-closed\"><i class=\"fas fa-caret-right\"><\/i><\/span>\n\t\t\t\t\t\t\t\t<span class=\"elementor-toggle-icon-opened\"><i class=\"elementor-toggle-icon-opened fas fa-caret-up\"><\/i><\/span>\n\t\t\t\t\t\t\t\t\t\t\t\t\t<\/span>\n\t\t\t\t\t\t\t\t\t\t\t\t<a class=\"elementor-toggle-title\" tabindex=\"0\">OhmyFi El Salvador<\/a>\n\t\t\t\t\t<\/div>\n\n\t\t\t\t\t<div id=\"elementor-tab-content-5775\" class=\"elementor-tab-content elementor-clearfix\" data-tab=\"5\" role=\"region\" aria-labelledby=\"elementor-tab-title-5775\"><p>San Salvador, El Salvador<br \/><strong>Mail<\/strong>: el-salvador@ohmyfi.com<\/p><\/div>\n\t\t\t\t<\/div>\n\t\t\t\t\t\t\t<div class=\"elementor-toggle-item\">\n\t\t\t\t\t<div id=\"elementor-tab-title-5776\" class=\"elementor-tab-title\" data-tab=\"6\" role=\"button\" aria-controls=\"elementor-tab-content-5776\" aria-expanded=\"false\">\n\t\t\t\t\t\t\t\t\t\t\t\t<span class=\"elementor-toggle-icon elementor-toggle-icon-left\" aria-hidden=\"true\">\n\t\t\t\t\t\t\t\t\t\t\t\t\t\t\t<span class=\"elementor-toggle-icon-closed\"><i class=\"fas fa-caret-right\"><\/i><\/span>\n\t\t\t\t\t\t\t\t<span class=\"elementor-toggle-icon-opened\"><i class=\"elementor-toggle-icon-opened fas fa-caret-up\"><\/i><\/span>\n\t\t\t\t\t\t\t\t\t\t\t\t\t<\/span>\n\t\t\t\t\t\t\t\t\t\t\t\t<a class=\"elementor-toggle-title\" tabindex=\"0\">OhmyFi Brasil<\/a>\n\t\t\t\t\t<\/div>\n\n\t\t\t\t\t<div id=\"elementor-tab-content-5776\" class=\"elementor-tab-content elementor-clearfix\" data-tab=\"6\" role=\"region\" aria-labelledby=\"elementor-tab-title-5776\"><p>S\u00e3o Paulo, Brasil<br \/><strong>Mail<\/strong>: brasil@ohmyfi.com<\/p><\/div>\n\t\t\t\t<\/div>\n\t\t\t\t\t\t\t<div class=\"elementor-toggle-item\">\n\t\t\t\t\t<div id=\"elementor-tab-title-5777\" class=\"elementor-tab-title\" data-tab=\"7\" role=\"button\" aria-controls=\"elementor-tab-content-5777\" aria-expanded=\"false\">\n\t\t\t\t\t\t\t\t\t\t\t\t<span class=\"elementor-toggle-icon elementor-toggle-icon-left\" aria-hidden=\"true\">\n\t\t\t\t\t\t\t\t\t\t\t\t\t\t\t<span class=\"elementor-toggle-icon-closed\"><i class=\"fas fa-caret-right\"><\/i><\/span>\n\t\t\t\t\t\t\t\t<span class=\"elementor-toggle-icon-opened\"><i class=\"elementor-toggle-icon-opened fas fa-caret-up\"><\/i><\/span>\n\t\t\t\t\t\t\t\t\t\t\t\t\t<\/span>\n\t\t\t\t\t\t\t\t\t\t\t\t<a class=\"elementor-toggle-title\" tabindex=\"0\">OhmyFi Argentina<\/a>\n\t\t\t\t\t<\/div>\n\n\t\t\t\t\t<div id=\"elementor-tab-content-5777\" class=\"elementor-tab-content elementor-clearfix\" data-tab=\"7\" role=\"region\" aria-labelledby=\"elementor-tab-title-5777\"><p>Buenos Aires, Argentin<br \/><strong>Mail<\/strong>: argentina@ohmyfi.com<\/p><\/div>\n\t\t\t\t<\/div>\n\t\t\t\t\t\t\t<div class=\"elementor-toggle-item\">\n\t\t\t\t\t<div id=\"elementor-tab-title-5778\" class=\"elementor-tab-title\" data-tab=\"8\" role=\"button\" aria-controls=\"elementor-tab-content-5778\" aria-expanded=\"false\">\n\t\t\t\t\t\t\t\t\t\t\t\t<span class=\"elementor-toggle-icon elementor-toggle-icon-left\" aria-hidden=\"true\">\n\t\t\t\t\t\t\t\t\t\t\t\t\t\t\t<span class=\"elementor-toggle-icon-closed\"><i class=\"fas fa-caret-right\"><\/i><\/span>\n\t\t\t\t\t\t\t\t<span class=\"elementor-toggle-icon-opened\"><i class=\"elementor-toggle-icon-opened fas fa-caret-up\"><\/i><\/span>\n\t\t\t\t\t\t\t\t\t\t\t\t\t<\/span>\n\t\t\t\t\t\t\t\t\t\t\t\t<a class=\"elementor-toggle-title\" tabindex=\"0\">OhmyFi Guatemala<\/a>\n\t\t\t\t\t<\/div>\n\n\t\t\t\t\t<div id=\"elementor-tab-content-5778\" class=\"elementor-tab-content elementor-clearfix\" data-tab=\"8\" role=\"region\" aria-labelledby=\"elementor-tab-title-5778\"><p>Ciudad de Guatemala, Guatemala<br \/><strong>Mail<\/strong>: guatemala@ohmyfi.com<\/p><\/div>\n\t\t\t\t<\/div>\n\t\t\t\t\t\t\t<div class=\"elementor-toggle-item\">\n\t\t\t\t\t<div id=\"elementor-tab-title-5779\" class=\"elementor-tab-title\" data-tab=\"9\" role=\"button\" aria-controls=\"elementor-tab-content-5779\" aria-expanded=\"false\">\n\t\t\t\t\t\t\t\t\t\t\t\t<span class=\"elementor-toggle-icon elementor-toggle-icon-left\" aria-hidden=\"true\">\n\t\t\t\t\t\t\t\t\t\t\t\t\t\t\t<span class=\"elementor-toggle-icon-closed\"><i class=\"fas fa-caret-right\"><\/i><\/span>\n\t\t\t\t\t\t\t\t<span class=\"elementor-toggle-icon-opened\"><i class=\"elementor-toggle-icon-opened fas fa-caret-up\"><\/i><\/span>\n\t\t\t\t\t\t\t\t\t\t\t\t\t<\/span>\n\t\t\t\t\t\t\t\t\t\t\t\t<a class=\"elementor-toggle-title\" tabindex=\"0\">OhmyFi Costa Rica<\/a>\n\t\t\t\t\t<\/div>\n\n\t\t\t\t\t<div id=\"elementor-tab-content-5779\" class=\"elementor-tab-content elementor-clearfix\" data-tab=\"9\" role=\"region\" aria-labelledby=\"elementor-tab-title-5779\"><p>San Jos\u00e9, Costa Rica<br \/><strong>Mail<\/strong>: costa-rica@ohmyfi.com<\/p><\/div>\n\t\t\t\t<\/div>\n\t\t\t\t\t\t\t\t<\/div>\n\t\t\t\t\t\t<\/div>\n\t\t\t\t<\/div>\n\t\t\t\t<div class=\"elementor-element elementor-element-4315feaf elementor-widget elementor-widget-html\" data-id=\"4315feaf\" data-element_type=\"widget\" data-widget_type=\"html.default\">\n\t\t\t\t<div class=\"elementor-widget-container\">\n\t\t\t\t\t<iframe class=\"iframe\" src=\"https:\/\/www.google.com\/maps\/d\/u\/0\/embed?mid=1PaaChuDjSXYpmfUAJdY9kds9rkCTcuTO\" height=\"350\" frameborder=\"0\" style=\"border:0\" allowfullscreen><\/iframe>\t\t\t\t<\/div>\n\t\t\t\t<\/div>\n\t\t\t\t<\/div>\n\t\t<div class=\"elementor-element elementor-element-55b12432 e-con-full e-flex e-con e-child\" data-id=\"55b12432\" data-element_type=\"container\">\n\t\t\t\t<div class=\"elementor-element elementor-element-795147f1 elementor-widget elementor-widget-html\" data-id=\"795147f1\" data-element_type=\"widget\" data-widget_type=\"html.default\">\n\t\t\t\t<div class=\"elementor-widget-container\">\n\t\t\t\t\t\r\n\r\n<!--[if lte IE 8]>\r\n<script charset=\"utf-8\" type=\"text\/javascript\" src=\"\/\/js.hsforms.net\/forms\/v2-legacy.js\"><\/script>\r\n<![endif]-->\r\n<script charset=\"utf-8\" type=\"text\/javascript\" src=\"\/\/js.hsforms.net\/forms\/v2.js\"><\/script>\r\n<script>\r\n  hbspt.forms.create({\r\n\tportalId: \"2905321\",\r\n    formId: \"a842d270-b52d-4995-bd0b-12cde8a3f6a6\"\r\n});\r\n<\/script>\t\t\t\t<\/div>\n\t\t\t\t<\/div>\n\t\t\t\t<\/div>\n\t\t\t\t\t<\/div>\n\t\t\t\t<\/div>\n\t\t\t\t<\/div>\n\t\t","protected":false},"excerpt":{"rendered":"<p>Contato Quer transformar o WiFi da sua empresa em uma ferramenta de marketing eficaz? Na OhmyFi n\u00f3s o ajudamos a capturar dados, fidelizar clientes e melhorar a experi\u00eancia deles em sua zona wifi, realizar an\u00e1lises inteligentes, entre em contato conosco e leve sua marca para o pr\u00f3ximo n\u00edvel! https:\/\/youtu.be\/yiVQddKJGfk Onde estamos? Encontre-nos em diferentes cidades &#8230; <a title=\"Contato\" class=\"read-more\" href=\"https:\/\/ohmyfi.co\/pt-br\/contato\/\" aria-label=\"More on Contato\">Ler mais<\/a><\/p>\n","protected":false},"author":6,"featured_media":0,"parent":0,"menu_order":3,"comment_status":"closed","ping_status":"closed","template":"elementor_header_footer","meta":{"content-type":"","inline_featured_image":false,"footnotes":""},"class_list":["post-5846","page","type-page","status-publish"],"yoast_head":"<!-- This site is optimized with the Yoast SEO plugin v25.8 - https:\/\/yoast.com\/wordpress\/plugins\/seo\/ -->\n<title>Contato<\/title>\n<meta name=\"robots\" content=\"noindex, follow\" \/>\n<meta property=\"og:locale\" content=\"pt_BR\" \/>\n<meta property=\"og:type\" content=\"article\" \/>\n<meta property=\"og:title\" content=\"Contato\" \/>\n<meta property=\"og:description\" content=\"Contato Quer transformar o WiFi da sua empresa em uma ferramenta de marketing eficaz? Na OhmyFi n\u00f3s o ajudamos a capturar dados, fidelizar clientes e melhorar a experi\u00eancia deles em sua zona wifi, realizar an\u00e1lises inteligentes, entre em contato conosco e leve sua marca para o pr\u00f3ximo n\u00edvel! https:\/\/youtu.be\/yiVQddKJGfk Onde estamos? Encontre-nos em diferentes cidades ... Ler mais\" \/>\n<meta property=\"og:url\" content=\"https:\/\/ohmyfi.co\/pt-br\/contato\/\" \/>\n<meta property=\"og:site_name\" content=\"ohmyFi\" \/>\n<meta property=\"article:modified_time\" content=\"2025-04-24T20:38:47+00:00\" \/>\n<meta name=\"twitter:card\" content=\"summary_large_image\" \/>\n<meta name=\"twitter:label1\" content=\"Est. tempo de leitura\" \/>\n\t<meta name=\"twitter:data1\" content=\"1 minuto\" \/>\n<script type=\"application\/ld+json\" class=\"yoast-schema-graph\">{\"@context\":\"https:\/\/schema.org\",\"@graph\":[{\"@type\":\"WebPage\",\"@id\":\"https:\/\/ohmyfi.co\/pt-br\/contato\/\",\"url\":\"https:\/\/ohmyfi.co\/pt-br\/contato\/\",\"name\":\"Contato\",\"isPartOf\":{\"@id\":\"https:\/\/ohmyfi.co\/pt-br\/#website\"},\"datePublished\":\"2024-04-26T20:22:07+00:00\",\"dateModified\":\"2025-04-24T20:38:47+00:00\",\"breadcrumb\":{\"@id\":\"https:\/\/ohmyfi.co\/pt-br\/contato\/#breadcrumb\"},\"inLanguage\":\"pt-BR\",\"potentialAction\":[{\"@type\":\"ReadAction\",\"target\":[\"https:\/\/ohmyfi.co\/pt-br\/contato\/\"]}]},{\"@type\":\"BreadcrumbList\",\"@id\":\"https:\/\/ohmyfi.co\/pt-br\/contato\/#breadcrumb\",\"itemListElement\":[{\"@type\":\"ListItem\",\"position\":1,\"name\":\"Home\",\"item\":\"https:\/\/ohmyfi.co\/pt-br\/\"},{\"@type\":\"ListItem\",\"position\":2,\"name\":\"Contato\"}]},{\"@type\":\"WebSite\",\"@id\":\"https:\/\/ohmyfi.co\/pt-br\/#website\",\"url\":\"https:\/\/ohmyfi.co\/pt-br\/\",\"name\":\"ohmyFi\",\"description\":\"Marketing Omnicanal\",\"publisher\":{\"@id\":\"https:\/\/ohmyfi.co\/pt-br\/#organization\"},\"potentialAction\":[{\"@type\":\"SearchAction\",\"target\":{\"@type\":\"EntryPoint\",\"urlTemplate\":\"https:\/\/ohmyfi.co\/pt-br\/?s={search_term_string}\"},\"query-input\":{\"@type\":\"PropertyValueSpecification\",\"valueRequired\":true,\"valueName\":\"search_term_string\"}}],\"inLanguage\":\"pt-BR\"},{\"@type\":\"Organization\",\"@id\":\"https:\/\/ohmyfi.co\/pt-br\/#organization\",\"name\":\"OhmyFi\",\"url\":\"https:\/\/ohmyfi.co\/pt-br\/\",\"logo\":{\"@type\":\"ImageObject\",\"inLanguage\":\"pt-BR\",\"@id\":\"https:\/\/ohmyfi.co\/pt-br\/#\/schema\/logo\/image\/\",\"url\":\"https:\/\/ohmyfi.co\/wp-content\/uploads\/2020\/10\/favicon.png\",\"contentUrl\":\"https:\/\/ohmyfi.co\/wp-content\/uploads\/2020\/10\/favicon.png\",\"width\":512,\"height\":512,\"caption\":\"OhmyFi\"},\"image\":{\"@id\":\"https:\/\/ohmyfi.co\/pt-br\/#\/schema\/logo\/image\/\"}}]}<\/script>\n<!-- \/ Yoast SEO plugin. -->","yoast_head_json":{"title":"Contato","robots":{"index":"noindex","follow":"follow"},"og_locale":"pt_BR","og_type":"article","og_title":"Contato","og_description":"Contato Quer transformar o WiFi da sua empresa em uma ferramenta de marketing eficaz? Na OhmyFi n\u00f3s o ajudamos a capturar dados, fidelizar clientes e melhorar a experi\u00eancia deles em sua zona wifi, realizar an\u00e1lises inteligentes, entre em contato conosco e leve sua marca para o pr\u00f3ximo n\u00edvel! https:\/\/youtu.be\/yiVQddKJGfk Onde estamos? Encontre-nos em diferentes cidades ... Ler mais","og_url":"https:\/\/ohmyfi.co\/pt-br\/contato\/","og_site_name":"ohmyFi","article_modified_time":"2025-04-24T20:38:47+00:00","twitter_card":"summary_large_image","twitter_misc":{"Est. tempo de leitura":"1 minuto"},"schema":{"@context":"https:\/\/schema.org","@graph":[{"@type":"WebPage","@id":"https:\/\/ohmyfi.co\/pt-br\/contato\/","url":"https:\/\/ohmyfi.co\/pt-br\/contato\/","name":"Contato","isPartOf":{"@id":"https:\/\/ohmyfi.co\/pt-br\/#website"},"datePublished":"2024-04-26T20:22:07+00:00","dateModified":"2025-04-24T20:38:47+00:00","breadcrumb":{"@id":"https:\/\/ohmyfi.co\/pt-br\/contato\/#breadcrumb"},"inLanguage":"pt-BR","potentialAction":[{"@type":"ReadAction","target":["https:\/\/ohmyfi.co\/pt-br\/contato\/"]}]},{"@type":"BreadcrumbList","@id":"https:\/\/ohmyfi.co\/pt-br\/contato\/#breadcrumb","itemListElement":[{"@type":"ListItem","position":1,"name":"Home","item":"https:\/\/ohmyfi.co\/pt-br\/"},{"@type":"ListItem","position":2,"name":"Contato"}]},{"@type":"WebSite","@id":"https:\/\/ohmyfi.co\/pt-br\/#website","url":"https:\/\/ohmyfi.co\/pt-br\/","name":"ohmyFi","description":"Marketing Omnicanal","publisher":{"@id":"https:\/\/ohmyfi.co\/pt-br\/#organization"},"potentialAction":[{"@type":"SearchAction","target":{"@type":"EntryPoint","urlTemplate":"https:\/\/ohmyfi.co\/pt-br\/?s={search_term_string}"},"query-input":{"@type":"PropertyValueSpecification","valueRequired":true,"valueName":"search_term_string"}}],"inLanguage":"pt-BR"},{"@type":"Organization","@id":"https:\/\/ohmyfi.co\/pt-br\/#organization","name":"OhmyFi","url":"https:\/\/ohmyfi.co\/pt-br\/","logo":{"@type":"ImageObject","inLanguage":"pt-BR","@id":"https:\/\/ohmyfi.co\/pt-br\/#\/schema\/logo\/image\/","url":"https:\/\/ohmyfi.co\/wp-content\/uploads\/2020\/10\/favicon.png","contentUrl":"https:\/\/ohmyfi.co\/wp-content\/uploads\/2020\/10\/favicon.png","width":512,"height":512,"caption":"OhmyFi"},"image":{"@id":"https:\/\/ohmyfi.co\/pt-br\/#\/schema\/logo\/image\/"}}]}},"_links":{"self":[{"href":"https:\/\/ohmyfi.co\/pt-br\/wp-json\/wp\/v2\/pages\/5846","targetHints":{"allow":["GET"]}}],"collection":[{"href":"https:\/\/ohmyfi.co\/pt-br\/wp-json\/wp\/v2\/pages"}],"about":[{"href":"https:\/\/ohmyfi.co\/pt-br\/wp-json\/wp\/v2\/types\/page"}],"author":[{"embeddable":true,"href":"https:\/\/ohmyfi.co\/pt-br\/wp-json\/wp\/v2\/users\/6"}],"replies":[{"embeddable":true,"href":"https:\/\/ohmyfi.co\/pt-br\/wp-json\/wp\/v2\/comments?post=5846"}],"version-history":[{"count":25,"href":"https:\/\/ohmyfi.co\/pt-br\/wp-json\/wp\/v2\/pages\/5846\/revisions"}],"predecessor-version":[{"id":7748,"href":"https:\/\/ohmyfi.co\/pt-br\/wp-json\/wp\/v2\/pages\/5846\/revisions\/7748"}],"wp:attachment":[{"href":"https:\/\/ohmyfi.co\/pt-br\/wp-json\/wp\/v2\/media?parent=5846"}],"curies":[{"name":"wp","href":"https:\/\/api.w.org\/{rel}","templated":true}]}}