{"id":5847,"date":"2024-04-26T20:22:08","date_gmt":"2024-04-26T20:22:08","guid":{"rendered":"https:\/\/ohmyfi.co\/sobre-ohmyfi\/"},"modified":"2024-12-26T14:08:13","modified_gmt":"2024-12-26T14:08:13","slug":"sobre-ohmyfi","status":"publish","type":"page","link":"https:\/\/ohmyfi.co\/pt-br\/sobre-ohmyfi\/","title":{"rendered":"Sobre OhmyFi"},"content":{"rendered":"\t\t<div data-elementor-type=\"wp-page\" data-elementor-id=\"5847\" class=\"elementor elementor-5847 elementor-46\" data-elementor-post-type=\"page\">\n\t\t\t\t\t\t<section class=\"elementor-section elementor-top-section elementor-element elementor-element-1f912b6 elementor-section-boxed elementor-section-height-default elementor-section-height-default\" data-id=\"1f912b6\" data-element_type=\"section\" data-settings=\"{&quot;background_background&quot;:&quot;classic&quot;}\">\n\t\t\t\t\t\t<div class=\"elementor-container elementor-column-gap-default\">\n\t\t\t\t\t<div class=\"elementor-column elementor-col-100 elementor-top-column elementor-element elementor-element-662275f\" data-id=\"662275f\" data-element_type=\"column\">\n\t\t\t<div class=\"elementor-widget-wrap elementor-element-populated\">\n\t\t\t\t\t\t\t<\/div>\n\t\t<\/div>\n\t\t\t\t\t<\/div>\n\t\t<\/section>\n\t\t\t\t<section class=\"elementor-section elementor-top-section elementor-element elementor-element-66cb8d66 elementor-section-boxed elementor-section-height-default elementor-section-height-default\" data-id=\"66cb8d66\" data-element_type=\"section\">\n\t\t\t\t\t\t<div class=\"elementor-container elementor-column-gap-default\">\n\t\t\t\t\t<div class=\"elementor-column elementor-col-100 elementor-top-column elementor-element elementor-element-6982199e\" data-id=\"6982199e\" data-element_type=\"column\">\n\t\t\t<div class=\"elementor-widget-wrap elementor-element-populated\">\n\t\t\t\t\t\t<div class=\"elementor-element elementor-element-2bfe84f7 elementor-widget elementor-widget-text-editor\" data-id=\"2bfe84f7\" data-element_type=\"widget\" data-widget_type=\"text-editor.default\">\n\t\t\t\t<div class=\"elementor-widget-container\">\n\t\t\t\t\t\t\t\t\t<h2><span style=\"background-color: #ffffff;\">O que \u00e9 OhmyFi?<\/span><\/h2><p><strong>OhmyFi<\/strong> \u00e9 uma solu\u00e7\u00e3o de <strong>marketing digital WiFi<\/strong> para empresas de diferentes tamanhos e ind\u00fastrias. Fazemos <strong>do WiFi<\/strong> uma poderosa ferramenta que permite \u00e0s marcas gerar experi\u00eancias para <strong>fidelizar clientes, conhec\u00ea-los, comunicar-se com eles e melhorar suas estrat\u00e9gias de publicidade, marketing e vendas<\/strong>. Dessa forma, transformamos o WiFi que as empresas oferecem aos seus clientes e visitantes em um ativo valioso para seus neg\u00f3cios.<\/p><h2><span style=\"background-color: #ffffff;\">Nossa Hist\u00f3ria<\/span><\/h2><p><strong>OhmyFi<\/strong> nasceu em 2011 em Pereira como um empreendimento digital de Diego Rodr\u00edguez e Oswaldo Rodr\u00edguez. A ideia surgiu como um projeto social que buscava fornecer Wi-Fi gratuito e aberto para popula\u00e7\u00f5es de baixa renda na Col\u00f4mbia. O objetivo: democratizar o acesso \u00e0 informa\u00e7\u00e3o e ao conhecimento e, assim, contribuir para o desenvolvimento das zonas desfavorecidas.<\/p><p style=\"text-align: center;\"><img fetchpriority=\"high\" decoding=\"async\" class=\"aligncenter wp-image-411\" title=\"Diego Rodr\u00edguez e Oswaldo Rodr\u00edguez, fundadores da OhmyFi\" src=\"https:\/\/ohmyfi.co\/wp-content\/uploads\/2020\/10\/OhmyFi-Diego-Rodriguez-Oswaldo-Rodriguez-1024x768.jpg\" alt=\"Diego Rodr\u00edguez e Oswaldo Rodr\u00edguez, fundadores da OhmyFi\" width=\"700\" height=\"525\" srcset=\"https:\/\/ohmyfi.co\/wp-content\/uploads\/2020\/10\/OhmyFi-Diego-Rodriguez-Oswaldo-Rodriguez-1024x768.jpg 1024w, https:\/\/ohmyfi.co\/wp-content\/uploads\/2020\/10\/OhmyFi-Diego-Rodriguez-Oswaldo-Rodriguez-300x225.jpg 300w, https:\/\/ohmyfi.co\/wp-content\/uploads\/2020\/10\/OhmyFi-Diego-Rodriguez-Oswaldo-Rodriguez-768x576.jpg 768w, https:\/\/ohmyfi.co\/wp-content\/uploads\/2020\/10\/OhmyFi-Diego-Rodriguez-Oswaldo-Rodriguez.jpg 1500w\" sizes=\"(max-width: 700px) 100vw, 700px\" \/><em style=\"background-color: #f5f5f5;\">Diego Rodr\u00edguez e Oswaldo Rodr\u00edguez, fundadores da OhmyFi<\/em><\/p><div><p>Para que o modelo se financiasse, era esperado que as empresas interessadas em promover seus produtos e servi\u00e7os anunciassem na plataforma OhmyFi, com a qual os usu\u00e1rios interagiam para ter acesso ao WiFi. Assim, aos poucos, a plataforma integrou funcionalidades para <strong>gerar pesquisas, obter dados que permitissem o perfil dos usu\u00e1rios e mostrar conte\u00fados gerais e personalizados<\/strong>. Isso possibilitou recomendar conte\u00fado gratuito na Internet para que as pessoas que se conectassem pudessem tirar mais proveito do acesso \u00e0 Internet de acordo com seu perfil.<\/p><p>No entanto, <strong>OhmyFi<\/strong> ainda tinha um alcance limitado, e as marcas estavam interessadas em anunciar em mais meios de comunica\u00e7\u00e3o de massa. Por isso, optou-se por adaptar o modelo e desenvolver uma solu\u00e7\u00e3o mais voltada para o setor comercial. Isso abriu uma porta para apoiar o crescimento de <strong>restaurantes, caf\u00e9s, bares, shoppings, lojas, aeroportos e at\u00e9 entidades governamentais<\/strong>, como ferramenta de marketing, entretenimento, comunica\u00e7\u00e3o, fideliza\u00e7\u00e3o e pesquisa de mercado em tempo real por meio do WiFi. Dessa forma, consolidou-se um modelo autossustent\u00e1vel que poderia contribuir para o financiamento do projeto social originalmente concebido.<\/p><p>Todo esse processo e s\u00e9rie de aprendizados nos permitiu aperfei\u00e7oar a solu\u00e7\u00e3o, transformando <strong>OhmyFi\u00a0<\/strong>em uma<strong>\u00a0Ferramenta de Marketing de Proximidade<\/strong> <strong>e marketing WiFi <\/strong>que apoia n\u00e3o s\u00f3 as estrat\u00e9gias e objetivos dos departamentos de marketing das empresas, mas tamb\u00e9m os de atendimento ao cliente, qualidade, planejamento e gest\u00e3o, entre outros.<\/p><p>Em 2014, <strong>a OhmyFi<\/strong> passou a fazer parte do processo de incuba\u00e7\u00e3o de empresas <strong>da Apps.co<\/strong>, um programa do Minist\u00e9rio de Tecnologias da Informa\u00e7\u00e3o e Comunica\u00e7\u00e3o da Col\u00f4mbia, onde refinou seu modelo de neg\u00f3cios e adotou diversas estrat\u00e9gias de marketing. Algum tempo depois, recebeu investimento e acelera\u00e7\u00e3o da <strong>Wayra<\/strong>, o bra\u00e7o de inova\u00e7\u00e3o aberta da <strong>Telef\u00f4nica\u00a0Movistar<\/strong>, onde continuou a crescer e encontrar oportunidades de neg\u00f3cios com clientes como a Movistar. Posteriormente, recebeu o apoio e o reconhecimento do programa de fortalecimento do empreendedorismo tecnol\u00f3gico da Endeavor Col\u00f4mbia e do JP Morgan, e fez parte da fase de expans\u00e3o internacional da Apps.co ventures.<\/p><p>Atualmente, al\u00e9m da Col\u00f4mbia, a <strong>OhmyFi<\/strong> atua em pa\u00edses como <strong>Peru, Honduras, El Salvador e Guatemala<\/strong>, e avan\u00e7a na abertura de novos mercados internacionalmente.<\/p><h2 style=\"font-style: normal;\">\u00a0<\/h2><h2 style=\"font-style: normal;\">Nossa Vis\u00e3o<\/h2><p><span style=\"font-weight: bold;\">Ao n\u00edvel da empresa:\u00a0<\/span>At\u00e9 2025, nos tornaremos a principal solu\u00e7\u00e3o tecnol\u00f3gica para o desenvolvimento de marketing estrat\u00e9gico e publicidade digital em ponto de venda usando WiFi na Am\u00e9rica Latina, com foco em dados, experi\u00eancia do usu\u00e1rio e no cumprimento dos objetivos de nossos clientes.<\/p><h2 style=\"font-style: normal;\">\u00a0<\/h2><h2 style=\"font-style: normal;\">Nossa Miss\u00e3o<\/h2><p>Melhorar a qualidade de vida das pessoas por meio do acesso gratuito \u00e0 informa\u00e7\u00e3o via WiFi, promovida por empresas e governos.<\/p><h2 style=\"font-style: normal;\">Nossos Valores<\/h2><ul><li>Transpar\u00eancia e Integridade.<\/li><li>Sermos parceiros de nossos clientes.<\/li><li>Satisfa\u00e7\u00e3o total da nossa cadeia de valor.<\/li><li>Inova\u00e7\u00e3o como papel fundamental.<\/li><\/ul><\/div>\t\t\t\t\t\t\t\t<\/div>\n\t\t\t\t<\/div>\n\t\t\t\t\t<\/div>\n\t\t<\/div>\n\t\t\t\t\t<\/div>\n\t\t<\/section>\n\t\t\t\t<\/div>\n\t\t","protected":false},"excerpt":{"rendered":"<p>O que \u00e9 OhmyFi? OhmyFi \u00e9 uma solu\u00e7\u00e3o de marketing digital WiFi para empresas de diferentes tamanhos e ind\u00fastrias. Fazemos do WiFi uma poderosa ferramenta que permite \u00e0s marcas gerar experi\u00eancias para fidelizar clientes, conhec\u00ea-los, comunicar-se com eles e melhorar suas estrat\u00e9gias de publicidade, marketing e vendas. Dessa forma, transformamos o WiFi que as empresas &#8230; <a title=\"Sobre OhmyFi\" class=\"read-more\" href=\"https:\/\/ohmyfi.co\/pt-br\/sobre-ohmyfi\/\" aria-label=\"More on Sobre OhmyFi\">Ler mais<\/a><\/p>\n","protected":false},"author":6,"featured_media":0,"parent":0,"menu_order":4,"comment_status":"closed","ping_status":"closed","template":"elementor_header_footer","meta":{"content-type":"","inline_featured_image":false,"footnotes":""},"class_list":["post-5847","page","type-page","status-publish"],"yoast_head":"<!-- This site is optimized with the Yoast SEO plugin v25.8 - https:\/\/yoast.com\/wordpress\/plugins\/seo\/ -->\n<title>Sobre OhmyFi<\/title>\n<meta name=\"robots\" content=\"index, follow, max-snippet:-1, max-image-preview:large, max-video-preview:-1\" \/>\n<link rel=\"canonical\" href=\"https:\/\/ohmyfi.co\/pt-br\/sobre-ohmyfi\/\" \/>\n<meta property=\"og:locale\" content=\"pt_BR\" \/>\n<meta property=\"og:type\" content=\"article\" \/>\n<meta property=\"og:title\" content=\"Sobre OhmyFi\" \/>\n<meta property=\"og:description\" content=\"O que \u00e9 OhmyFi? OhmyFi \u00e9 uma solu\u00e7\u00e3o de marketing digital WiFi para empresas de diferentes tamanhos e ind\u00fastrias. Fazemos do WiFi uma poderosa ferramenta que permite \u00e0s marcas gerar experi\u00eancias para fidelizar clientes, conhec\u00ea-los, comunicar-se com eles e melhorar suas estrat\u00e9gias de publicidade, marketing e vendas. Dessa forma, transformamos o WiFi que as empresas ... Ler mais\" \/>\n<meta property=\"og:url\" content=\"https:\/\/ohmyfi.co\/pt-br\/sobre-ohmyfi\/\" \/>\n<meta property=\"og:site_name\" content=\"ohmyFi\" \/>\n<meta property=\"article:modified_time\" content=\"2024-12-26T14:08:13+00:00\" \/>\n<meta property=\"og:image\" content=\"https:\/\/ohmyfi.co\/wp-content\/uploads\/2020\/10\/OhmyFi-Diego-Rodriguez-Oswaldo-Rodriguez.jpg\" \/>\n\t<meta property=\"og:image:width\" content=\"1500\" \/>\n\t<meta property=\"og:image:height\" content=\"1125\" \/>\n\t<meta property=\"og:image:type\" content=\"image\/jpeg\" \/>\n<meta name=\"twitter:card\" content=\"summary_large_image\" \/>\n<meta name=\"twitter:label1\" content=\"Est. tempo de leitura\" \/>\n\t<meta name=\"twitter:data1\" content=\"3 minutos\" \/>\n<script type=\"application\/ld+json\" class=\"yoast-schema-graph\">{\"@context\":\"https:\/\/schema.org\",\"@graph\":[{\"@type\":\"WebPage\",\"@id\":\"https:\/\/ohmyfi.co\/pt-br\/sobre-ohmyfi\/\",\"url\":\"https:\/\/ohmyfi.co\/pt-br\/sobre-ohmyfi\/\",\"name\":\"Sobre OhmyFi\",\"isPartOf\":{\"@id\":\"https:\/\/ohmyfi.co\/pt-br\/#website\"},\"primaryImageOfPage\":{\"@id\":\"https:\/\/ohmyfi.co\/pt-br\/sobre-ohmyfi\/#primaryimage\"},\"image\":{\"@id\":\"https:\/\/ohmyfi.co\/pt-br\/sobre-ohmyfi\/#primaryimage\"},\"thumbnailUrl\":\"https:\/\/ohmyfi.co\/wp-content\/uploads\/2020\/10\/OhmyFi-Diego-Rodriguez-Oswaldo-Rodriguez-1024x768.jpg\",\"datePublished\":\"2024-04-26T20:22:08+00:00\",\"dateModified\":\"2024-12-26T14:08:13+00:00\",\"breadcrumb\":{\"@id\":\"https:\/\/ohmyfi.co\/pt-br\/sobre-ohmyfi\/#breadcrumb\"},\"inLanguage\":\"pt-BR\",\"potentialAction\":[{\"@type\":\"ReadAction\",\"target\":[\"https:\/\/ohmyfi.co\/pt-br\/sobre-ohmyfi\/\"]}]},{\"@type\":\"ImageObject\",\"inLanguage\":\"pt-BR\",\"@id\":\"https:\/\/ohmyfi.co\/pt-br\/sobre-ohmyfi\/#primaryimage\",\"url\":\"https:\/\/ohmyfi.co\/wp-content\/uploads\/2020\/10\/OhmyFi-Diego-Rodriguez-Oswaldo-Rodriguez-1024x768.jpg\",\"contentUrl\":\"https:\/\/ohmyfi.co\/wp-content\/uploads\/2020\/10\/OhmyFi-Diego-Rodriguez-Oswaldo-Rodriguez-1024x768.jpg\"},{\"@type\":\"BreadcrumbList\",\"@id\":\"https:\/\/ohmyfi.co\/pt-br\/sobre-ohmyfi\/#breadcrumb\",\"itemListElement\":[{\"@type\":\"ListItem\",\"position\":1,\"name\":\"Home\",\"item\":\"https:\/\/ohmyfi.co\/pt-br\/\"},{\"@type\":\"ListItem\",\"position\":2,\"name\":\"Sobre OhmyFi\"}]},{\"@type\":\"WebSite\",\"@id\":\"https:\/\/ohmyfi.co\/pt-br\/#website\",\"url\":\"https:\/\/ohmyfi.co\/pt-br\/\",\"name\":\"ohmyFi\",\"description\":\"Marketing Omnicanal\",\"publisher\":{\"@id\":\"https:\/\/ohmyfi.co\/pt-br\/#organization\"},\"potentialAction\":[{\"@type\":\"SearchAction\",\"target\":{\"@type\":\"EntryPoint\",\"urlTemplate\":\"https:\/\/ohmyfi.co\/pt-br\/?s={search_term_string}\"},\"query-input\":{\"@type\":\"PropertyValueSpecification\",\"valueRequired\":true,\"valueName\":\"search_term_string\"}}],\"inLanguage\":\"pt-BR\"},{\"@type\":\"Organization\",\"@id\":\"https:\/\/ohmyfi.co\/pt-br\/#organization\",\"name\":\"OhmyFi\",\"url\":\"https:\/\/ohmyfi.co\/pt-br\/\",\"logo\":{\"@type\":\"ImageObject\",\"inLanguage\":\"pt-BR\",\"@id\":\"https:\/\/ohmyfi.co\/pt-br\/#\/schema\/logo\/image\/\",\"url\":\"https:\/\/ohmyfi.co\/wp-content\/uploads\/2020\/10\/favicon.png\",\"contentUrl\":\"https:\/\/ohmyfi.co\/wp-content\/uploads\/2020\/10\/favicon.png\",\"width\":512,\"height\":512,\"caption\":\"OhmyFi\"},\"image\":{\"@id\":\"https:\/\/ohmyfi.co\/pt-br\/#\/schema\/logo\/image\/\"}}]}<\/script>\n<!-- \/ Yoast SEO plugin. -->","yoast_head_json":{"title":"Sobre OhmyFi","robots":{"index":"index","follow":"follow","max-snippet":"max-snippet:-1","max-image-preview":"max-image-preview:large","max-video-preview":"max-video-preview:-1"},"canonical":"https:\/\/ohmyfi.co\/pt-br\/sobre-ohmyfi\/","og_locale":"pt_BR","og_type":"article","og_title":"Sobre OhmyFi","og_description":"O que \u00e9 OhmyFi? OhmyFi \u00e9 uma solu\u00e7\u00e3o de marketing digital WiFi para empresas de diferentes tamanhos e ind\u00fastrias. Fazemos do WiFi uma poderosa ferramenta que permite \u00e0s marcas gerar experi\u00eancias para fidelizar clientes, conhec\u00ea-los, comunicar-se com eles e melhorar suas estrat\u00e9gias de publicidade, marketing e vendas. Dessa forma, transformamos o WiFi que as empresas ... Ler mais","og_url":"https:\/\/ohmyfi.co\/pt-br\/sobre-ohmyfi\/","og_site_name":"ohmyFi","article_modified_time":"2024-12-26T14:08:13+00:00","og_image":[{"width":1500,"height":1125,"url":"https:\/\/ohmyfi.co\/wp-content\/uploads\/2020\/10\/OhmyFi-Diego-Rodriguez-Oswaldo-Rodriguez.jpg","type":"image\/jpeg"}],"twitter_card":"summary_large_image","twitter_misc":{"Est. tempo de leitura":"3 minutos"},"schema":{"@context":"https:\/\/schema.org","@graph":[{"@type":"WebPage","@id":"https:\/\/ohmyfi.co\/pt-br\/sobre-ohmyfi\/","url":"https:\/\/ohmyfi.co\/pt-br\/sobre-ohmyfi\/","name":"Sobre OhmyFi","isPartOf":{"@id":"https:\/\/ohmyfi.co\/pt-br\/#website"},"primaryImageOfPage":{"@id":"https:\/\/ohmyfi.co\/pt-br\/sobre-ohmyfi\/#primaryimage"},"image":{"@id":"https:\/\/ohmyfi.co\/pt-br\/sobre-ohmyfi\/#primaryimage"},"thumbnailUrl":"https:\/\/ohmyfi.co\/wp-content\/uploads\/2020\/10\/OhmyFi-Diego-Rodriguez-Oswaldo-Rodriguez-1024x768.jpg","datePublished":"2024-04-26T20:22:08+00:00","dateModified":"2024-12-26T14:08:13+00:00","breadcrumb":{"@id":"https:\/\/ohmyfi.co\/pt-br\/sobre-ohmyfi\/#breadcrumb"},"inLanguage":"pt-BR","potentialAction":[{"@type":"ReadAction","target":["https:\/\/ohmyfi.co\/pt-br\/sobre-ohmyfi\/"]}]},{"@type":"ImageObject","inLanguage":"pt-BR","@id":"https:\/\/ohmyfi.co\/pt-br\/sobre-ohmyfi\/#primaryimage","url":"https:\/\/ohmyfi.co\/wp-content\/uploads\/2020\/10\/OhmyFi-Diego-Rodriguez-Oswaldo-Rodriguez-1024x768.jpg","contentUrl":"https:\/\/ohmyfi.co\/wp-content\/uploads\/2020\/10\/OhmyFi-Diego-Rodriguez-Oswaldo-Rodriguez-1024x768.jpg"},{"@type":"BreadcrumbList","@id":"https:\/\/ohmyfi.co\/pt-br\/sobre-ohmyfi\/#breadcrumb","itemListElement":[{"@type":"ListItem","position":1,"name":"Home","item":"https:\/\/ohmyfi.co\/pt-br\/"},{"@type":"ListItem","position":2,"name":"Sobre OhmyFi"}]},{"@type":"WebSite","@id":"https:\/\/ohmyfi.co\/pt-br\/#website","url":"https:\/\/ohmyfi.co\/pt-br\/","name":"ohmyFi","description":"Marketing Omnicanal","publisher":{"@id":"https:\/\/ohmyfi.co\/pt-br\/#organization"},"potentialAction":[{"@type":"SearchAction","target":{"@type":"EntryPoint","urlTemplate":"https:\/\/ohmyfi.co\/pt-br\/?s={search_term_string}"},"query-input":{"@type":"PropertyValueSpecification","valueRequired":true,"valueName":"search_term_string"}}],"inLanguage":"pt-BR"},{"@type":"Organization","@id":"https:\/\/ohmyfi.co\/pt-br\/#organization","name":"OhmyFi","url":"https:\/\/ohmyfi.co\/pt-br\/","logo":{"@type":"ImageObject","inLanguage":"pt-BR","@id":"https:\/\/ohmyfi.co\/pt-br\/#\/schema\/logo\/image\/","url":"https:\/\/ohmyfi.co\/wp-content\/uploads\/2020\/10\/favicon.png","contentUrl":"https:\/\/ohmyfi.co\/wp-content\/uploads\/2020\/10\/favicon.png","width":512,"height":512,"caption":"OhmyFi"},"image":{"@id":"https:\/\/ohmyfi.co\/pt-br\/#\/schema\/logo\/image\/"}}]}},"_links":{"self":[{"href":"https:\/\/ohmyfi.co\/pt-br\/wp-json\/wp\/v2\/pages\/5847","targetHints":{"allow":["GET"]}}],"collection":[{"href":"https:\/\/ohmyfi.co\/pt-br\/wp-json\/wp\/v2\/pages"}],"about":[{"href":"https:\/\/ohmyfi.co\/pt-br\/wp-json\/wp\/v2\/types\/page"}],"author":[{"embeddable":true,"href":"https:\/\/ohmyfi.co\/pt-br\/wp-json\/wp\/v2\/users\/6"}],"replies":[{"embeddable":true,"href":"https:\/\/ohmyfi.co\/pt-br\/wp-json\/wp\/v2\/comments?post=5847"}],"version-history":[{"count":4,"href":"https:\/\/ohmyfi.co\/pt-br\/wp-json\/wp\/v2\/pages\/5847\/revisions"}],"predecessor-version":[{"id":7117,"href":"https:\/\/ohmyfi.co\/pt-br\/wp-json\/wp\/v2\/pages\/5847\/revisions\/7117"}],"wp:attachment":[{"href":"https:\/\/ohmyfi.co\/pt-br\/wp-json\/wp\/v2\/media?parent=5847"}],"curies":[{"name":"wp","href":"https:\/\/api.w.org\/{rel}","templated":true}]}}