{"id":5945,"date":"2024-05-02T19:48:55","date_gmt":"2024-05-02T19:48:55","guid":{"rendered":"https:\/\/ohmyfi.co\/comerciantes-de-marketing-wifi\/"},"modified":"2024-12-26T14:50:41","modified_gmt":"2024-12-26T14:50:41","slug":"comerciantes-de-marketing-wifi","status":"publish","type":"page","link":"https:\/\/ohmyfi.co\/pt-br\/comerciantes-de-marketing-wifi\/","title":{"rendered":"Comerciantes de marketing WiFi"},"content":{"rendered":"\t\t<div data-elementor-type=\"wp-page\" data-elementor-id=\"5945\" class=\"elementor elementor-5945 elementor-4619\" data-elementor-post-type=\"page\">\n\t\t\t\t\t\t<section class=\"elementor-section elementor-top-section elementor-element elementor-element-b86cf58 elementor-section-height-min-height elementor-section-content-middle elementor-section-stretched elementor-section-boxed elementor-section-height-default elementor-section-items-middle\" data-id=\"b86cf58\" data-element_type=\"section\" data-settings=\"{&quot;stretch_section&quot;:&quot;section-stretched&quot;,&quot;background_background&quot;:&quot;gradient&quot;}\">\n\t\t\t\t\t\t<div class=\"elementor-container elementor-column-gap-default\">\n\t\t\t\t\t<div class=\"elementor-column elementor-col-100 elementor-top-column elementor-element elementor-element-3641330\" data-id=\"3641330\" data-element_type=\"column\">\n\t\t\t<div class=\"elementor-widget-wrap elementor-element-populated\">\n\t\t\t\t\t\t<section class=\"elementor-section elementor-inner-section elementor-element elementor-element-ce45415 elementor-section-boxed elementor-section-height-default elementor-section-height-default\" data-id=\"ce45415\" data-element_type=\"section\" data-settings=\"{&quot;background_background&quot;:&quot;classic&quot;}\">\n\t\t\t\t\t\t<div class=\"elementor-container elementor-column-gap-default\">\n\t\t\t\t\t<div class=\"elementor-column elementor-col-50 elementor-inner-column elementor-element elementor-element-60b36b4\" data-id=\"60b36b4\" data-element_type=\"column\">\n\t\t\t<div class=\"elementor-widget-wrap elementor-element-populated\">\n\t\t\t\t\t\t<div class=\"elementor-element elementor-element-0b4face elementor-widget elementor-widget-image\" data-id=\"0b4face\" data-element_type=\"widget\" data-widget_type=\"image.default\">\n\t\t\t\t<div class=\"elementor-widget-container\">\n\t\t\t\t\t\t\t\t\t\t\t\t\t\t\t<img fetchpriority=\"high\" decoding=\"async\" width=\"1024\" height=\"1024\" src=\"https:\/\/ohmyfi.co\/wp-content\/uploads\/2022\/03\/10-formas-de-usar-el-WiFi-en-tu-restaurante-img002-1024x1024.jpg\" class=\"attachment-large size-large wp-image-5947\" alt=\"\" srcset=\"https:\/\/ohmyfi.co\/wp-content\/uploads\/2022\/03\/10-formas-de-usar-el-WiFi-en-tu-restaurante-img002-1024x1024.jpg 1024w, https:\/\/ohmyfi.co\/wp-content\/uploads\/2022\/03\/10-formas-de-usar-el-WiFi-en-tu-restaurante-img002-300x300.jpg 300w, https:\/\/ohmyfi.co\/wp-content\/uploads\/2022\/03\/10-formas-de-usar-el-WiFi-en-tu-restaurante-img002-150x150.jpg 150w, https:\/\/ohmyfi.co\/wp-content\/uploads\/2022\/03\/10-formas-de-usar-el-WiFi-en-tu-restaurante-img002-768x768.jpg 768w, https:\/\/ohmyfi.co\/wp-content\/uploads\/2022\/03\/10-formas-de-usar-el-WiFi-en-tu-restaurante-img002.jpg 1080w\" sizes=\"(max-width: 1024px) 100vw, 1024px\" \/>\t\t\t\t\t\t\t\t\t\t\t\t\t\t\t<\/div>\n\t\t\t\t<\/div>\n\t\t\t\t\t<\/div>\n\t\t<\/div>\n\t\t\t\t<div class=\"elementor-column elementor-col-50 elementor-inner-column elementor-element elementor-element-63402d9\" data-id=\"63402d9\" data-element_type=\"column\">\n\t\t\t<div class=\"elementor-widget-wrap elementor-element-populated\">\n\t\t\t\t\t\t<div class=\"elementor-element elementor-element-514e2a9 elementor-widget elementor-widget-heading\" data-id=\"514e2a9\" data-element_type=\"widget\" data-widget_type=\"heading.default\">\n\t\t\t\t<div class=\"elementor-widget-container\">\n\t\t\t\t\t<h2 class=\"elementor-heading-title elementor-size-default\">Baixe GRATUITAMENTE as 10 estrat\u00e9gias para aumentar a clientela dos seus pontos de venda.<\/h2>\t\t\t\t<\/div>\n\t\t\t\t<\/div>\n\t\t\t\t<div class=\"elementor-element elementor-element-e5d32cc elementor-widget elementor-widget-text-editor\" data-id=\"e5d32cc\" data-element_type=\"widget\" data-widget_type=\"text-editor.default\">\n\t\t\t\t<div class=\"elementor-widget-container\">\n\t\t\t\t\t\t\t\t\t<p><span style=\"font-weight: 400;\">Baixe uma lista gratuita de 10 maneiras de usar o Wi-Fi da sua empresa para aumentar sua clientela. Descubra como Falabella, Shopping Centers, Starbucks e muitas outras empresas usaram seu Wi-Fi para fazer com que seus clientes os visitassem, fizessem pedidos em casa ou atrav\u00e9s de seus sites.<\/span><\/p><p><span style=\"font-weight: 400;\">Este guia ir\u00e1 lhe-mostrar como, usando o Wi-Fi que voc\u00ea compartilha com seus clientes, voc\u00ea ser\u00e1 capaz de mante-los e que voltem de novo e que tamb\u00e9m lhes<br \/>recomendem para outras pessoas.<\/span><\/p>\t\t\t\t\t\t\t\t<\/div>\n\t\t\t\t<\/div>\n\t\t\t\t<div class=\"elementor-element elementor-element-40384ee elementor-widget elementor-widget-html\" data-id=\"40384ee\" data-element_type=\"widget\" data-widget_type=\"html.default\">\n\t\t\t\t<div class=\"elementor-widget-container\">\n\t\t\t\t\t<!-- Begin Sendinblue Form -->\n<!-- START - We recommend to place the below code in head tag of your website html -->\n<style>\n  @font-face {\n    font-display: block;\n    font-family: Roboto;\n    src: url(https:\/\/assets.sendinblue.com\/font\/Roboto\/Latin\/normal\/normal\/7529907e9eaf8ebb5220c5f9850e3811.woff2) format(\"woff2\"), url(https:\/\/assets.sendinblue.com\/font\/Roboto\/Latin\/normal\/normal\/25c678feafdc175a70922a116c9be3e7.woff) format(\"woff\")\n  }\n\n  @font-face {\n    font-display: fallback;\n    font-family: Roboto;\n    font-weight: 600;\n    src: url(https:\/\/assets.sendinblue.com\/font\/Roboto\/Latin\/medium\/normal\/6e9caeeafb1f3491be3e32744bc30440.woff2) format(\"woff2\"), url(https:\/\/assets.sendinblue.com\/font\/Roboto\/Latin\/medium\/normal\/71501f0d8d5aa95960f6475d5487d4c2.woff) format(\"woff\")\n  }\n\n  @font-face {\n    font-display: fallback;\n    font-family: Roboto;\n    font-weight: 700;\n    src: url(https:\/\/assets.sendinblue.com\/font\/Roboto\/Latin\/bold\/normal\/3ef7cf158f310cf752d5ad08cd0e7e60.woff2) format(\"woff2\"), url(https:\/\/assets.sendinblue.com\/font\/Roboto\/Latin\/bold\/normal\/ece3a1d82f18b60bcce0211725c476aa.woff) format(\"woff\")\n  }\n\n  #sib-container input:-ms-input-placeholder {\n    text-align: left;\n    font-family: \"Helvetica\", sans-serif;\n    color: #c0ccda;\n  }\n\n  #sib-container input::placeholder {\n    text-align: left;\n    font-family: \"Helvetica\", sans-serif;\n    color: #c0ccda;\n  }\n\n  #sib-container textarea::placeholder {\n    text-align: left;\n    font-family: \"Helvetica\", sans-serif;\n    color: #c0ccda;\n  }\n<\/style>\n<link rel=\"stylesheet\" href=\"https:\/\/sibforms.com\/forms\/end-form\/build\/sib-styles.css\">\n<!-- END - We recommend to place the above code in head tag of your website html -->\n\n<!-- START - We recommend to place the below code where you want the form in your website html -->\n<div class=\"sib-form\" style=\"text-align: center; background-color: #ffffff;  \">\n  <div id=\"sib-form-container\" class=\"sib-form-container\">\n    <div id=\"error-message\" class=\"sib-form-message-panel\" style=\"font-size:16px; text-align:left; font-family:\"Helvetica\", sans-serif; color:#661d1d; background-color:#ffeded; border-radius:3px; border-color:#ff4949;max-width:540px;\">\n      <div class=\"sib-form-message-panel__text sib-form-message-panel__text--center\">\n        <svg viewbox=\"0 0 512 512\" class=\"sib-icon sib-notification__icon\">\n          <path d=\"M256 40c118.621 0 216 96.075 216 216 0 119.291-96.61 216-216 216-119.244 0-216-96.562-216-216 0-119.203 96.602-216 216-216m0-32C119.043 8 8 119.083 8 256c0 136.997 111.043 248 248 248s248-111.003 248-248C504 119.083 392.957 8 256 8zm-11.49 120h22.979c6.823 0 12.274 5.682 11.99 12.5l-7 168c-.268 6.428-5.556 11.5-11.99 11.5h-8.979c-6.433 0-11.722-5.073-11.99-11.5l-7-168c-.283-6.818 5.167-12.5 11.99-12.5zM256 340c-15.464 0-28 12.536-28 28s12.536 28 28 28 28-12.536 28-28-12.536-28-28-28z\"\/>\n        <\/svg>\n        <span class=\"sib-form-message-panel__inner-text\">\n  N\u00e3o foi poss\u00edvel validar sua assinatura.\n                      <\/span>\n      <\/div>\n    <\/div>\n    <div><\/div>\n    <div id=\"success-message\" class=\"sib-form-message-panel\" style=\"font-size:16px; text-align:left; font-family:\"Helvetica\", sans-serif; color:#085229; background-color:#e7faf0; border-radius:3px; border-color:#13ce66;max-width:540px;\">\n      <div class=\"sib-form-message-panel__text sib-form-message-panel__text--center\">\n        <svg viewbox=\"0 0 512 512\" class=\"sib-icon sib-notification__icon\">\n          <path d=\"M256 8C119.033 8 8 119.033 8 256s111.033 248 248 248 248-111.033 248-248S392.967 8 256 8zm0 464c-118.664 0-216-96.055-216-216 0-118.663 96.055-216 216-216 118.664 0 216 96.055 216 216 0 118.663-96.055 216-216 216zm141.63-274.961L217.15 376.071c-4.705 4.667-12.303 4.637-16.97-.068l-85.878-86.572c-4.667-4.705-4.637-12.303.068-16.97l8.52-8.451c4.705-4.667 12.303-4.637 16.97.068l68.976 69.533 163.441-162.13c4.705-4.667 12.303-4.637 16.97.068l8.451 8.52c4.668 4.705 4.637 12.303-.068 16.97z\"\/>\n        <\/svg>\n        <span class=\"sib-form-message-panel__inner-text\">\n  Sua assinatura foi conclu\u00edda.\n                      <\/span>\n      <\/div>\n    <\/div>\n    <div><\/div>\n    <div id=\"sib-container\" class=\"sib-container--large sib-container--vertical\" style=\"text-align:center; background-color:transparent; max-width:540px; border-radius:3px; border-width:1px; border-color:#ffffff; border-style:solid;\">\n      <form id=\"sib-form\" method=\"POST\" action=\"https:\/\/afd8de7e.sibforms.com\/serve\/MUIEAAeqalzAx8MkjkT23UmtUasPsrLKoTslSgvCTWJaaBt4-s0x4XHWvNbUgR1f1BwIZU2m4GAPvTwZZrU67DCUlIo2bPEASYbi5TuvN3CefsbA43lddhsnD-pBV7LaQShtW3-f8GrD0sd30_TcZhQgVk2oGAAm5afnbpe0KrLJEuf0xoR-ftRbfdrCwRi1tIN_MapYVHFHSaW0\" data-type=\"subscription\">\n        <div style=\"padding: 8px 0;\">\n          <div class=\"sib-input sib-form-block\">\n            <div class=\"form__entry entry_block\">\n              <div class=\"form__label-row \">\n\n                <div class=\"entry__field\">\n                  <input class=\"input\" type=\"text\" id=\"EMAIL\" name=\"EMAIL\" autocomplete=\"off\" placeholder=\"Seu e-mail*\" data-required=\"true\" required=\"\">\n                <\/div>\n              <\/div>\n\n              <label class=\"entry__error entry__error--primary\" style=\"font-size:16px; text-align:left; font-family:\"Helvetica\", sans-serif; color:#661d1d; background-color:#ffeded; border-radius:3px; border-color:#ff4949;\">\n              <\/label>\n            <\/div>\n          <\/div>\n        <\/div>\n        <div style=\"padding: 8px 0;\">\n          <div class=\"sib-optin sib-form-block\" data-required=\"true\">\n            <div class=\"form__entry entry_mcq\">\n              <div class=\"form__label-row \">\n                <div class=\"entry__choice\">\n                  <label>\n                    <input type=\"checkbox\" class=\"input_replaced\" value=\"1\" id=\"OPT_IN\" name=\"OPT_IN\" required=\"\">\n                    <span class=\"checkbox checkbox_tick_positive\"><\/span><span style=\"font-size:14px; text-align:left; font-family:\"Helvetica\", sans-serif; color:#3C4858; background-color:transparent;\"><p>&nbsp;Aceito a <a href=\"https:\/\/ohmyfi.co\/pt-br\/politica-de-privacidade\/\" rel=\"noopener\">pol\u00edtica de privacidade<\/a> da OhmyFi&nbsp;<\/p><span data-required=\"*\" style=\"display: inline;\" class=\"entry__label entry__label_optin\"><\/span><\/span> <\/label>\n                <\/div>\n              <\/div>\n              <label class=\"entry__error entry__error--primary\" style=\"font-size:16px; text-align:left; font-family:\"Helvetica\", sans-serif; color:#661d1d; background-color:#ffeded; border-radius:3px; border-color:#ff4949;\">\n              <\/label>\n            <\/div>\n          <\/div>\n        <\/div>\n        <div style=\"padding: 8px 0;\">\n          <div class=\"sib-form-block\" style=\"text-align: center\">\n            <button class=\"sib-form-block__button sib-form-block__button-with-loader\" style=\"font-size:18px; text-align:center; font-weight:700; font-family:\"Helvetica\", sans-serif; color:#383b4f; background-color:#ffb600; border-radius:10px; border-width:0px;\" form=\"sib-form\" type=\"submit\">\n              <svg class=\"icon clickable__icon progress-indicator__icon sib-hide-loader-icon\" viewbox=\"0 0 512 512\">\n                <path d=\"M460.116 373.846l-20.823-12.022c-5.541-3.199-7.54-10.159-4.663-15.874 30.137-59.886 28.343-131.652-5.386-189.946-33.641-58.394-94.896-95.833-161.827-99.676C261.028 55.961 256 50.751 256 44.352V20.309c0-6.904 5.808-12.337 12.703-11.982 83.556 4.306 160.163 50.864 202.11 123.677 42.063 72.696 44.079 162.316 6.031 236.832-3.14 6.148-10.75 8.461-16.728 5.01z\"\/>\n              <\/svg>\n  Baixe as Estrat\u00e9gias\n            <\/button>\n          <\/div>\n        <\/div>\n\n        <input type=\"text\" name=\"email_address_check\" value=\"\" class=\"input--hidden\">\n        <input type=\"hidden\" name=\"locale\" value=\"\u00c9\">\n      <\/form>\n    <\/div>\n  <\/div>\n<\/div>\n<!-- END - We recommend to place the below code where you want the form in your website html -->\n\n<!-- START - We recommend to place the below code in footer or bottom of your website html -->\n<script>\n  window.REQUIRED_CODE_ERROR_MESSAGE = 'Elija un c\u00f3digo de pa\u00eds';\n  window.LOCALE = 'es';\n  window.EMAIL_INVALID_MESSAGE = window.SMS_INVALID_MESSAGE = \"La informaci\u00f3n que ha proporcionado no es v\u00e1lida. Compruebe el formato del campo e int\u00e9ntelo de nuevo.\";\n\n  window.REQUIRED_ERROR_MESSAGE = \"Este campo no puede quedarse vac\u00edo. \";\n\n  window.GENERIC_INVALID_MESSAGE = \"La informaci\u00f3n que ha proporcionado no es v\u00e1lida. Compruebe el formato del campo e int\u00e9ntelo de nuevo.\";\n\n\n\n\n  window.translation = {\n    common: {\n      selectedList: '{quantity} lista seleccionada',\n      selectedLists: '{quantity} listas seleccionadas'\n    }\n  };\n\n  var AUTOHIDE = Boolean(0);\n<\/script>\n<script src=\"https:\/\/sibforms.com\/forms\/end-form\/build\/main.js\"><\/script>\n\n\n<!-- END - We recommend to place the above code in footer or bottom of your website html -->\n<!-- End Sendinblue Form -->\t\t\t\t<\/div>\n\t\t\t\t<\/div>\n\t\t\t\t\t<\/div>\n\t\t<\/div>\n\t\t\t\t\t<\/div>\n\t\t<\/section>\n\t\t\t\t\t<\/div>\n\t\t<\/div>\n\t\t\t\t\t<\/div>\n\t\t<\/section>\n\t\t\t\t<\/div>\n\t\t","protected":false},"excerpt":{"rendered":"<p>Baixe GRATUITAMENTE as 10 estrat\u00e9gias para aumentar a clientela dos seus pontos de venda. Baixe uma lista gratuita de 10 maneiras de usar o Wi-Fi da sua empresa para aumentar sua clientela. Descubra como Falabella, Shopping Centers, Starbucks e muitas outras empresas usaram seu Wi-Fi para fazer com que seus clientes os visitassem, fizessem pedidos &#8230; <a title=\"Comerciantes de marketing WiFi\" class=\"read-more\" href=\"https:\/\/ohmyfi.co\/pt-br\/comerciantes-de-marketing-wifi\/\" aria-label=\"More on Comerciantes de marketing WiFi\">Ler mais<\/a><\/p>\n","protected":false},"author":6,"featured_media":0,"parent":0,"menu_order":6,"comment_status":"closed","ping_status":"closed","template":"elementor_canvas","meta":{"content-type":"","inline_featured_image":false,"footnotes":""},"class_list":["post-5945","page","type-page","status-publish"],"yoast_head":"<!-- This site is optimized with the Yoast SEO plugin v25.8 - https:\/\/yoast.com\/wordpress\/plugins\/seo\/ -->\n<title>Comerciantes de marketing WiFi<\/title>\n<meta name=\"robots\" content=\"noindex, follow\" \/>\n<meta property=\"og:locale\" content=\"pt_BR\" \/>\n<meta property=\"og:type\" content=\"article\" \/>\n<meta property=\"og:title\" content=\"Comerciantes de marketing WiFi\" \/>\n<meta property=\"og:description\" content=\"Baixe GRATUITAMENTE as 10 estrat\u00e9gias para aumentar a clientela dos seus pontos de venda. Baixe uma lista gratuita de 10 maneiras de usar o Wi-Fi da sua empresa para aumentar sua clientela. Descubra como Falabella, Shopping Centers, Starbucks e muitas outras empresas usaram seu Wi-Fi para fazer com que seus clientes os visitassem, fizessem pedidos ... Ler mais\" \/>\n<meta property=\"og:url\" content=\"https:\/\/ohmyfi.co\/pt-br\/comerciantes-de-marketing-wifi\/\" \/>\n<meta property=\"og:site_name\" content=\"ohmyFi\" \/>\n<meta property=\"article:modified_time\" content=\"2024-12-26T14:50:41+00:00\" \/>\n<meta property=\"og:image\" content=\"https:\/\/ohmyfi.co\/wp-content\/uploads\/2022\/03\/10-formas-de-usar-el-WiFi-en-tu-restaurante-img002.jpg\" \/>\n\t<meta property=\"og:image:width\" content=\"1080\" \/>\n\t<meta property=\"og:image:height\" content=\"1080\" \/>\n\t<meta property=\"og:image:type\" content=\"image\/jpeg\" \/>\n<meta name=\"twitter:card\" content=\"summary_large_image\" \/>\n<meta name=\"twitter:label1\" content=\"Est. tempo de leitura\" \/>\n\t<meta name=\"twitter:data1\" content=\"1 minuto\" \/>\n<script type=\"application\/ld+json\" class=\"yoast-schema-graph\">{\"@context\":\"https:\/\/schema.org\",\"@graph\":[{\"@type\":\"WebPage\",\"@id\":\"https:\/\/ohmyfi.co\/pt-br\/comerciantes-de-marketing-wifi\/\",\"url\":\"https:\/\/ohmyfi.co\/pt-br\/comerciantes-de-marketing-wifi\/\",\"name\":\"Comerciantes de marketing WiFi\",\"isPartOf\":{\"@id\":\"https:\/\/ohmyfi.co\/pt-br\/#website\"},\"primaryImageOfPage\":{\"@id\":\"https:\/\/ohmyfi.co\/pt-br\/comerciantes-de-marketing-wifi\/#primaryimage\"},\"image\":{\"@id\":\"https:\/\/ohmyfi.co\/pt-br\/comerciantes-de-marketing-wifi\/#primaryimage\"},\"thumbnailUrl\":\"https:\/\/ohmyfi.co\/wp-content\/uploads\/2022\/03\/10-formas-de-usar-el-WiFi-en-tu-restaurante-img002-1024x1024.jpg\",\"datePublished\":\"2024-05-02T19:48:55+00:00\",\"dateModified\":\"2024-12-26T14:50:41+00:00\",\"breadcrumb\":{\"@id\":\"https:\/\/ohmyfi.co\/pt-br\/comerciantes-de-marketing-wifi\/#breadcrumb\"},\"inLanguage\":\"pt-BR\",\"potentialAction\":[{\"@type\":\"ReadAction\",\"target\":[\"https:\/\/ohmyfi.co\/pt-br\/comerciantes-de-marketing-wifi\/\"]}]},{\"@type\":\"ImageObject\",\"inLanguage\":\"pt-BR\",\"@id\":\"https:\/\/ohmyfi.co\/pt-br\/comerciantes-de-marketing-wifi\/#primaryimage\",\"url\":\"https:\/\/ohmyfi.co\/wp-content\/uploads\/2022\/03\/10-formas-de-usar-el-WiFi-en-tu-restaurante-img002-1024x1024.jpg\",\"contentUrl\":\"https:\/\/ohmyfi.co\/wp-content\/uploads\/2022\/03\/10-formas-de-usar-el-WiFi-en-tu-restaurante-img002-1024x1024.jpg\"},{\"@type\":\"BreadcrumbList\",\"@id\":\"https:\/\/ohmyfi.co\/pt-br\/comerciantes-de-marketing-wifi\/#breadcrumb\",\"itemListElement\":[{\"@type\":\"ListItem\",\"position\":1,\"name\":\"Home\",\"item\":\"https:\/\/ohmyfi.co\/pt-br\/\"},{\"@type\":\"ListItem\",\"position\":2,\"name\":\"Comerciantes de marketing WiFi\"}]},{\"@type\":\"WebSite\",\"@id\":\"https:\/\/ohmyfi.co\/pt-br\/#website\",\"url\":\"https:\/\/ohmyfi.co\/pt-br\/\",\"name\":\"ohmyFi\",\"description\":\"Marketing Omnicanal\",\"publisher\":{\"@id\":\"https:\/\/ohmyfi.co\/pt-br\/#organization\"},\"potentialAction\":[{\"@type\":\"SearchAction\",\"target\":{\"@type\":\"EntryPoint\",\"urlTemplate\":\"https:\/\/ohmyfi.co\/pt-br\/?s={search_term_string}\"},\"query-input\":{\"@type\":\"PropertyValueSpecification\",\"valueRequired\":true,\"valueName\":\"search_term_string\"}}],\"inLanguage\":\"pt-BR\"},{\"@type\":\"Organization\",\"@id\":\"https:\/\/ohmyfi.co\/pt-br\/#organization\",\"name\":\"OhmyFi\",\"url\":\"https:\/\/ohmyfi.co\/pt-br\/\",\"logo\":{\"@type\":\"ImageObject\",\"inLanguage\":\"pt-BR\",\"@id\":\"https:\/\/ohmyfi.co\/pt-br\/#\/schema\/logo\/image\/\",\"url\":\"https:\/\/ohmyfi.co\/wp-content\/uploads\/2020\/10\/favicon.png\",\"contentUrl\":\"https:\/\/ohmyfi.co\/wp-content\/uploads\/2020\/10\/favicon.png\",\"width\":512,\"height\":512,\"caption\":\"OhmyFi\"},\"image\":{\"@id\":\"https:\/\/ohmyfi.co\/pt-br\/#\/schema\/logo\/image\/\"}}]}<\/script>\n<!-- \/ Yoast SEO plugin. -->","yoast_head_json":{"title":"Comerciantes de marketing WiFi","robots":{"index":"noindex","follow":"follow"},"og_locale":"pt_BR","og_type":"article","og_title":"Comerciantes de marketing WiFi","og_description":"Baixe GRATUITAMENTE as 10 estrat\u00e9gias para aumentar a clientela dos seus pontos de venda. Baixe uma lista gratuita de 10 maneiras de usar o Wi-Fi da sua empresa para aumentar sua clientela. Descubra como Falabella, Shopping Centers, Starbucks e muitas outras empresas usaram seu Wi-Fi para fazer com que seus clientes os visitassem, fizessem pedidos ... Ler mais","og_url":"https:\/\/ohmyfi.co\/pt-br\/comerciantes-de-marketing-wifi\/","og_site_name":"ohmyFi","article_modified_time":"2024-12-26T14:50:41+00:00","og_image":[{"width":1080,"height":1080,"url":"https:\/\/ohmyfi.co\/wp-content\/uploads\/2022\/03\/10-formas-de-usar-el-WiFi-en-tu-restaurante-img002.jpg","type":"image\/jpeg"}],"twitter_card":"summary_large_image","twitter_misc":{"Est. tempo de leitura":"1 minuto"},"schema":{"@context":"https:\/\/schema.org","@graph":[{"@type":"WebPage","@id":"https:\/\/ohmyfi.co\/pt-br\/comerciantes-de-marketing-wifi\/","url":"https:\/\/ohmyfi.co\/pt-br\/comerciantes-de-marketing-wifi\/","name":"Comerciantes de marketing WiFi","isPartOf":{"@id":"https:\/\/ohmyfi.co\/pt-br\/#website"},"primaryImageOfPage":{"@id":"https:\/\/ohmyfi.co\/pt-br\/comerciantes-de-marketing-wifi\/#primaryimage"},"image":{"@id":"https:\/\/ohmyfi.co\/pt-br\/comerciantes-de-marketing-wifi\/#primaryimage"},"thumbnailUrl":"https:\/\/ohmyfi.co\/wp-content\/uploads\/2022\/03\/10-formas-de-usar-el-WiFi-en-tu-restaurante-img002-1024x1024.jpg","datePublished":"2024-05-02T19:48:55+00:00","dateModified":"2024-12-26T14:50:41+00:00","breadcrumb":{"@id":"https:\/\/ohmyfi.co\/pt-br\/comerciantes-de-marketing-wifi\/#breadcrumb"},"inLanguage":"pt-BR","potentialAction":[{"@type":"ReadAction","target":["https:\/\/ohmyfi.co\/pt-br\/comerciantes-de-marketing-wifi\/"]}]},{"@type":"ImageObject","inLanguage":"pt-BR","@id":"https:\/\/ohmyfi.co\/pt-br\/comerciantes-de-marketing-wifi\/#primaryimage","url":"https:\/\/ohmyfi.co\/wp-content\/uploads\/2022\/03\/10-formas-de-usar-el-WiFi-en-tu-restaurante-img002-1024x1024.jpg","contentUrl":"https:\/\/ohmyfi.co\/wp-content\/uploads\/2022\/03\/10-formas-de-usar-el-WiFi-en-tu-restaurante-img002-1024x1024.jpg"},{"@type":"BreadcrumbList","@id":"https:\/\/ohmyfi.co\/pt-br\/comerciantes-de-marketing-wifi\/#breadcrumb","itemListElement":[{"@type":"ListItem","position":1,"name":"Home","item":"https:\/\/ohmyfi.co\/pt-br\/"},{"@type":"ListItem","position":2,"name":"Comerciantes de marketing WiFi"}]},{"@type":"WebSite","@id":"https:\/\/ohmyfi.co\/pt-br\/#website","url":"https:\/\/ohmyfi.co\/pt-br\/","name":"ohmyFi","description":"Marketing Omnicanal","publisher":{"@id":"https:\/\/ohmyfi.co\/pt-br\/#organization"},"potentialAction":[{"@type":"SearchAction","target":{"@type":"EntryPoint","urlTemplate":"https:\/\/ohmyfi.co\/pt-br\/?s={search_term_string}"},"query-input":{"@type":"PropertyValueSpecification","valueRequired":true,"valueName":"search_term_string"}}],"inLanguage":"pt-BR"},{"@type":"Organization","@id":"https:\/\/ohmyfi.co\/pt-br\/#organization","name":"OhmyFi","url":"https:\/\/ohmyfi.co\/pt-br\/","logo":{"@type":"ImageObject","inLanguage":"pt-BR","@id":"https:\/\/ohmyfi.co\/pt-br\/#\/schema\/logo\/image\/","url":"https:\/\/ohmyfi.co\/wp-content\/uploads\/2020\/10\/favicon.png","contentUrl":"https:\/\/ohmyfi.co\/wp-content\/uploads\/2020\/10\/favicon.png","width":512,"height":512,"caption":"OhmyFi"},"image":{"@id":"https:\/\/ohmyfi.co\/pt-br\/#\/schema\/logo\/image\/"}}]}},"_links":{"self":[{"href":"https:\/\/ohmyfi.co\/pt-br\/wp-json\/wp\/v2\/pages\/5945","targetHints":{"allow":["GET"]}}],"collection":[{"href":"https:\/\/ohmyfi.co\/pt-br\/wp-json\/wp\/v2\/pages"}],"about":[{"href":"https:\/\/ohmyfi.co\/pt-br\/wp-json\/wp\/v2\/types\/page"}],"author":[{"embeddable":true,"href":"https:\/\/ohmyfi.co\/pt-br\/wp-json\/wp\/v2\/users\/6"}],"replies":[{"embeddable":true,"href":"https:\/\/ohmyfi.co\/pt-br\/wp-json\/wp\/v2\/comments?post=5945"}],"version-history":[{"count":6,"href":"https:\/\/ohmyfi.co\/pt-br\/wp-json\/wp\/v2\/pages\/5945\/revisions"}],"predecessor-version":[{"id":7138,"href":"https:\/\/ohmyfi.co\/pt-br\/wp-json\/wp\/v2\/pages\/5945\/revisions\/7138"}],"wp:attachment":[{"href":"https:\/\/ohmyfi.co\/pt-br\/wp-json\/wp\/v2\/media?parent=5945"}],"curies":[{"name":"wp","href":"https:\/\/api.w.org\/{rel}","templated":true}]}}