{"id":5958,"date":"2024-05-02T19:48:58","date_gmt":"2024-05-02T19:48:58","guid":{"rendered":"https:\/\/ohmyfi.co\/perguntas-frequentes\/"},"modified":"2024-12-26T19:51:18","modified_gmt":"2024-12-26T19:51:18","slug":"perguntas-frequentes","status":"publish","type":"page","link":"https:\/\/ohmyfi.co\/pt-br\/perguntas-frequentes\/","title":{"rendered":"Perguntas frequentes"},"content":{"rendered":"\t\t<div data-elementor-type=\"wp-page\" data-elementor-id=\"5958\" class=\"elementor elementor-5958 elementor-879\" data-elementor-post-type=\"page\">\n\t\t\t\t\t\t<section class=\"elementor-section elementor-top-section elementor-element elementor-element-a51c1c1 elementor-section-boxed elementor-section-height-default elementor-section-height-default\" data-id=\"a51c1c1\" data-element_type=\"section\" data-settings=\"{&quot;background_background&quot;:&quot;classic&quot;}\">\n\t\t\t\t\t\t<div class=\"elementor-container elementor-column-gap-default\">\n\t\t\t\t\t<div class=\"elementor-column elementor-col-100 elementor-top-column elementor-element elementor-element-5a4a1c7\" data-id=\"5a4a1c7\" data-element_type=\"column\">\n\t\t\t<div class=\"elementor-widget-wrap elementor-element-populated\">\n\t\t\t\t\t\t\t<\/div>\n\t\t<\/div>\n\t\t\t\t\t<\/div>\n\t\t<\/section>\n\t\t\t\t<section class=\"elementor-section elementor-top-section elementor-element elementor-element-5be68d3 elementor-section-boxed elementor-section-height-default elementor-section-height-default\" data-id=\"5be68d3\" data-element_type=\"section\">\n\t\t\t\t\t\t<div class=\"elementor-container elementor-column-gap-default\">\n\t\t\t\t\t<div class=\"elementor-column elementor-col-100 elementor-top-column elementor-element elementor-element-e9c7fdd\" data-id=\"e9c7fdd\" data-element_type=\"column\">\n\t\t\t<div class=\"elementor-widget-wrap elementor-element-populated\">\n\t\t\t\t\t\t<div class=\"elementor-element elementor-element-af7a1c3 elementor-widget elementor-widget-accordion\" data-id=\"af7a1c3\" data-element_type=\"widget\" data-widget_type=\"accordion.default\">\n\t\t\t\t<div class=\"elementor-widget-container\">\n\t\t\t\t\t\t\t<div class=\"elementor-accordion\">\n\t\t\t\t\t\t\t<div class=\"elementor-accordion-item\">\n\t\t\t\t\t<div id=\"elementor-tab-title-1841\" class=\"elementor-tab-title\" data-tab=\"1\" role=\"button\" aria-controls=\"elementor-tab-content-1841\" aria-expanded=\"false\">\n\t\t\t\t\t\t\t\t\t\t\t\t\t<span class=\"elementor-accordion-icon elementor-accordion-icon-left\" aria-hidden=\"true\">\n\t\t\t\t\t\t\t\t\t\t\t\t\t\t\t<span class=\"elementor-accordion-icon-closed\"><i class=\"fas fa-plus\"><\/i><\/span>\n\t\t\t\t\t\t\t\t<span class=\"elementor-accordion-icon-opened\"><i class=\"fas fa-minus\"><\/i><\/span>\n\t\t\t\t\t\t\t\t\t\t\t\t\t\t<\/span>\n\t\t\t\t\t\t\t\t\t\t\t\t<a class=\"elementor-accordion-title\" tabindex=\"0\">Como funciona a plataforma OhmyFi?<\/a>\n\t\t\t\t\t<\/div>\n\t\t\t\t\t<div id=\"elementor-tab-content-1841\" class=\"elementor-tab-content elementor-clearfix\" data-tab=\"1\" role=\"region\" aria-labelledby=\"elementor-tab-title-1841\"><p>Antes de se conectarem \u00e0 rede Wi-Fi, os usu\u00e1rios devem passar por uma esp\u00e9cie de &#8220;ped\u00e1gio digital&#8221; de seus dispositivos e interagir com uma campanha de marketing ou publicidade da marca que patrocina o WiFi. Dessa forma, empresas e marcas s\u00e3o incentivadas a disponibilizar internet gratuita para seus clientes e visitantes em troca de intera\u00e7\u00f5es e informa\u00e7\u00f5es estrat\u00e9gicas deles. O uso e potencial desse tipo de ferramenta e tecnologia para desenvolver estrat\u00e9gias de mercado e publicidade \u00e9 chamado de WiFi Marketing.<\/p><\/div>\n\t\t\t\t<\/div>\n\t\t\t\t\t\t\t<div class=\"elementor-accordion-item\">\n\t\t\t\t\t<div id=\"elementor-tab-title-1842\" class=\"elementor-tab-title\" data-tab=\"2\" role=\"button\" aria-controls=\"elementor-tab-content-1842\" aria-expanded=\"false\">\n\t\t\t\t\t\t\t\t\t\t\t\t\t<span class=\"elementor-accordion-icon elementor-accordion-icon-left\" aria-hidden=\"true\">\n\t\t\t\t\t\t\t\t\t\t\t\t\t\t\t<span class=\"elementor-accordion-icon-closed\"><i class=\"fas fa-plus\"><\/i><\/span>\n\t\t\t\t\t\t\t\t<span class=\"elementor-accordion-icon-opened\"><i class=\"fas fa-minus\"><\/i><\/span>\n\t\t\t\t\t\t\t\t\t\t\t\t\t\t<\/span>\n\t\t\t\t\t\t\t\t\t\t\t\t<a class=\"elementor-accordion-title\" tabindex=\"0\">Que tipo de informa\u00e7\u00e3o \u00e9 coletada dos usu\u00e1rios?<\/a>\n\t\t\t\t\t<\/div>\n\t\t\t\t\t<div id=\"elementor-tab-content-1842\" class=\"elementor-tab-content elementor-clearfix\" data-tab=\"2\" role=\"region\" aria-labelledby=\"elementor-tab-title-1842\"><p>Para come\u00e7ar, voc\u00ea obt\u00e9m informa\u00e7\u00f5es b\u00e1sicas como nome, idade, sexo e detalhes de contato, que podem ser obtidas inclusive com o login pelas redes sociais. Al\u00e9m disso, as marcas poder\u00e3o fazer perguntas como: voc\u00ea prefere comida vegetariana, como gosta de acompanhar seu caf\u00e9 ou com que frequ\u00eancia viaja para o exterior? No entanto, considerando que conectar-se \u00e0 Internet em troca de fornecer informa\u00e7\u00f5es \u00e9 um tanto chato, quer\u00edamos quebrar o molde e \u00e9 por isso que projetamos v\u00e1rias intera\u00e7\u00f5es que v\u00e3o muito al\u00e9m de responder perguntas.<\/p><\/div>\n\t\t\t\t<\/div>\n\t\t\t\t\t\t\t<div class=\"elementor-accordion-item\">\n\t\t\t\t\t<div id=\"elementor-tab-title-1843\" class=\"elementor-tab-title\" data-tab=\"3\" role=\"button\" aria-controls=\"elementor-tab-content-1843\" aria-expanded=\"false\">\n\t\t\t\t\t\t\t\t\t\t\t\t\t<span class=\"elementor-accordion-icon elementor-accordion-icon-left\" aria-hidden=\"true\">\n\t\t\t\t\t\t\t\t\t\t\t\t\t\t\t<span class=\"elementor-accordion-icon-closed\"><i class=\"fas fa-plus\"><\/i><\/span>\n\t\t\t\t\t\t\t\t<span class=\"elementor-accordion-icon-opened\"><i class=\"fas fa-minus\"><\/i><\/span>\n\t\t\t\t\t\t\t\t\t\t\t\t\t\t<\/span>\n\t\t\t\t\t\t\t\t\t\t\t\t<a class=\"elementor-accordion-title\" tabindex=\"0\">Qual o valor dessa informa\u00e7\u00e3o para as marcas?<\/a>\n\t\t\t\t\t<\/div>\n\t\t\t\t\t<div id=\"elementor-tab-content-1843\" class=\"elementor-tab-content elementor-clearfix\" data-tab=\"3\" role=\"region\" aria-labelledby=\"elementor-tab-title-1843\"><p>Isso os ajuda a entender as prefer\u00eancias de seus clientes em tempo real e os leva a tomar decis\u00f5es com base em dados e opini\u00f5es reais. Com base no feedback que recebem de seus clientes atrav\u00e9s da OhmyFi, diversas empresas que trabalham conosco mudaram seu card\u00e1pio de alimentos e bebidas, ofertas de produtos e processos em suas lojas, melhoraram seus indicadores, redirecionaram suas estrat\u00e9gias de marketing e publicidade e at\u00e9 aumentaram a qualidade do servi\u00e7o. As possibilidades s\u00e3o infinitas.<\/p><\/div>\n\t\t\t\t<\/div>\n\t\t\t\t\t\t\t<div class=\"elementor-accordion-item\">\n\t\t\t\t\t<div id=\"elementor-tab-title-1844\" class=\"elementor-tab-title\" data-tab=\"4\" role=\"button\" aria-controls=\"elementor-tab-content-1844\" aria-expanded=\"false\">\n\t\t\t\t\t\t\t\t\t\t\t\t\t<span class=\"elementor-accordion-icon elementor-accordion-icon-left\" aria-hidden=\"true\">\n\t\t\t\t\t\t\t\t\t\t\t\t\t\t\t<span class=\"elementor-accordion-icon-closed\"><i class=\"fas fa-plus\"><\/i><\/span>\n\t\t\t\t\t\t\t\t<span class=\"elementor-accordion-icon-opened\"><i class=\"fas fa-minus\"><\/i><\/span>\n\t\t\t\t\t\t\t\t\t\t\t\t\t\t<\/span>\n\t\t\t\t\t\t\t\t\t\t\t\t<a class=\"elementor-accordion-title\" tabindex=\"0\">O OhmyFi instala e cobre a conex\u00e3o WiFi e o equipamento de rede?<\/a>\n\t\t\t\t\t<\/div>\n\t\t\t\t\t<div id=\"elementor-tab-content-1844\" class=\"elementor-tab-content elementor-clearfix\" data-tab=\"4\" role=\"region\" aria-labelledby=\"elementor-tab-title-1844\"><p>N\u00e3o, na OhmyFi somos uma ponte entre estabelecimentos que j\u00e1 possuem redes e infraestrutura WiFi e seus clientes ou visitantes. Somos uma plataforma transacional, intermedi\u00e1ria, e a Internet \u00e9 coberta e paga inteiramente pelas marcas.<\/p><\/div>\n\t\t\t\t<\/div>\n\t\t\t\t\t\t\t<div class=\"elementor-accordion-item\">\n\t\t\t\t\t<div id=\"elementor-tab-title-1845\" class=\"elementor-tab-title\" data-tab=\"5\" role=\"button\" aria-controls=\"elementor-tab-content-1845\" aria-expanded=\"false\">\n\t\t\t\t\t\t\t\t\t\t\t\t\t<span class=\"elementor-accordion-icon elementor-accordion-icon-left\" aria-hidden=\"true\">\n\t\t\t\t\t\t\t\t\t\t\t\t\t\t\t<span class=\"elementor-accordion-icon-closed\"><i class=\"fas fa-plus\"><\/i><\/span>\n\t\t\t\t\t\t\t\t<span class=\"elementor-accordion-icon-opened\"><i class=\"fas fa-minus\"><\/i><\/span>\n\t\t\t\t\t\t\t\t\t\t\t\t\t\t<\/span>\n\t\t\t\t\t\t\t\t\t\t\t\t<a class=\"elementor-accordion-title\" tabindex=\"0\">O OhmyFi funciona com o equipamento WiFi que meu ISP instalou?<\/a>\n\t\t\t\t\t<\/div>\n\t\t\t\t\t<div id=\"elementor-tab-content-1845\" class=\"elementor-tab-content elementor-clearfix\" data-tab=\"5\" role=\"region\" aria-labelledby=\"elementor-tab-title-1845\"><p>O OhmyFi integra-se com Access Points (AP&#8217;s), desde que suportem <strong>Portais Cativos Externos<\/strong>, os modems instalados pelo seu provedor de Internet por padr\u00e3o n\u00e3o t\u00eam capacidade para trabalhar com essas tecnologias, portanto, \u00e9 necess\u00e1rio implementar equipamentos adicionais que o fa\u00e7am. Para descobrir quais s\u00e3o compat\u00edveis, verifique <strong><em>Dispositivos WiFi compat\u00edveis:<\/em><br \/><\/strong><\/p><p><img fetchpriority=\"high\" decoding=\"async\" class=\"alignnone wp-image-7215 \" src=\"https:\/\/ohmyfi.co\/wp-content\/uploads\/2024\/12\/los-equipos-ap-300x185.png\" alt=\"\" width=\"396\" height=\"244\" srcset=\"https:\/\/ohmyfi.co\/wp-content\/uploads\/2024\/12\/los-equipos-ap-300x185.png 300w, https:\/\/ohmyfi.co\/wp-content\/uploads\/2024\/12\/los-equipos-ap-1024x632.png 1024w, https:\/\/ohmyfi.co\/wp-content\/uploads\/2024\/12\/los-equipos-ap-768x474.png 768w, https:\/\/ohmyfi.co\/wp-content\/uploads\/2024\/12\/los-equipos-ap.png 1142w\" sizes=\"(max-width: 396px) 100vw, 396px\" \/><\/p><\/div>\n\t\t\t\t<\/div>\n\t\t\t\t\t\t\t<div class=\"elementor-accordion-item\">\n\t\t\t\t\t<div id=\"elementor-tab-title-1846\" class=\"elementor-tab-title\" data-tab=\"6\" role=\"button\" aria-controls=\"elementor-tab-content-1846\" aria-expanded=\"false\">\n\t\t\t\t\t\t\t\t\t\t\t\t\t<span class=\"elementor-accordion-icon elementor-accordion-icon-left\" aria-hidden=\"true\">\n\t\t\t\t\t\t\t\t\t\t\t\t\t\t\t<span class=\"elementor-accordion-icon-closed\"><i class=\"fas fa-plus\"><\/i><\/span>\n\t\t\t\t\t\t\t\t<span class=\"elementor-accordion-icon-opened\"><i class=\"fas fa-minus\"><\/i><\/span>\n\t\t\t\t\t\t\t\t\t\t\t\t\t\t<\/span>\n\t\t\t\t\t\t\t\t\t\t\t\t<a class=\"elementor-accordion-title\" tabindex=\"0\">O OhmyFi tem cobertura na minha cidade?<\/a>\n\t\t\t\t\t<\/div>\n\t\t\t\t\t<div id=\"elementor-tab-content-1846\" class=\"elementor-tab-content elementor-clearfix\" data-tab=\"6\" role=\"region\" aria-labelledby=\"elementor-tab-title-1846\"><p>OhmyFi \u00e9 uma plataforma que funciona na nuvem, isso nos permite fornecer nosso servi\u00e7o em qualquer lugar do mundo, requer apenas que voc\u00ea tenha uma conex\u00e3o com a Internet e um equipamento WiFi compat\u00edvel.<\/p><\/div>\n\t\t\t\t<\/div>\n\t\t\t\t\t\t\t<div class=\"elementor-accordion-item\">\n\t\t\t\t\t<div id=\"elementor-tab-title-1847\" class=\"elementor-tab-title\" data-tab=\"7\" role=\"button\" aria-controls=\"elementor-tab-content-1847\" aria-expanded=\"false\">\n\t\t\t\t\t\t\t\t\t\t\t\t\t<span class=\"elementor-accordion-icon elementor-accordion-icon-left\" aria-hidden=\"true\">\n\t\t\t\t\t\t\t\t\t\t\t\t\t\t\t<span class=\"elementor-accordion-icon-closed\"><i class=\"fas fa-plus\"><\/i><\/span>\n\t\t\t\t\t\t\t\t<span class=\"elementor-accordion-icon-opened\"><i class=\"fas fa-minus\"><\/i><\/span>\n\t\t\t\t\t\t\t\t\t\t\t\t\t\t<\/span>\n\t\t\t\t\t\t\t\t\t\t\t\t<a class=\"elementor-accordion-title\" tabindex=\"0\">Como funciona a monetiza\u00e7\u00e3o com o OhmyFi?<\/a>\n\t\t\t\t\t<\/div>\n\t\t\t\t\t<div id=\"elementor-tab-content-1847\" class=\"elementor-tab-content elementor-clearfix\" data-tab=\"7\" role=\"region\" aria-labelledby=\"elementor-tab-title-1847\"><p>A OhmyFi se adapta a diferentes tipos de mercados e, por isso, possui diversas formas de gerar renda, a venda de pins, espa\u00e7o publicit\u00e1rio, uso de dados, gera\u00e7\u00e3o de leads, entre outros. Para obter mais informa\u00e7\u00f5es, visite o site <a href=\"https:\/\/ohmyfi.co\/pt-br\/marketing-wifi\/marketing-de-monetizacao\/\">de Marketing de Monetiza\u00e7\u00e3o<\/a>.<\/p><\/div>\n\t\t\t\t<\/div>\n\t\t\t\t\t\t\t\t<\/div>\n\t\t\t\t\t\t<\/div>\n\t\t\t\t<\/div>\n\t\t\t\t\t<\/div>\n\t\t<\/div>\n\t\t\t\t\t<\/div>\n\t\t<\/section>\n\t\t\t\t<\/div>\n\t\t","protected":false},"excerpt":{"rendered":"<p>Como funciona a plataforma OhmyFi? Antes de se conectarem \u00e0 rede Wi-Fi, os usu\u00e1rios devem passar por uma esp\u00e9cie de \u00abped\u00e1gio digital\u00bb de seus dispositivos e interagir com uma campanha de marketing ou publicidade da marca que patrocina o WiFi. Dessa forma, empresas e marcas s\u00e3o incentivadas a disponibilizar internet gratuita para seus clientes e &#8230; <a title=\"Perguntas frequentes\" class=\"read-more\" href=\"https:\/\/ohmyfi.co\/pt-br\/perguntas-frequentes\/\" aria-label=\"More on Perguntas frequentes\">Ler mais<\/a><\/p>\n","protected":false},"author":6,"featured_media":0,"parent":0,"menu_order":6,"comment_status":"closed","ping_status":"closed","template":"elementor_header_footer","meta":{"content-type":"","inline_featured_image":false,"footnotes":""},"class_list":["post-5958","page","type-page","status-publish"],"yoast_head":"<!-- This site is optimized with the Yoast SEO plugin v25.8 - https:\/\/yoast.com\/wordpress\/plugins\/seo\/ -->\n<title>Perguntas Frequentes - OhmyFi<\/title>\n<meta name=\"robots\" content=\"index, follow, max-snippet:-1, max-image-preview:large, max-video-preview:-1\" \/>\n<link rel=\"canonical\" href=\"https:\/\/ohmyfi.co\/pt-br\/perguntas-frequentes\/\" \/>\n<meta property=\"og:locale\" content=\"pt_BR\" \/>\n<meta property=\"og:type\" content=\"article\" \/>\n<meta property=\"og:title\" content=\"Perguntas Frequentes - OhmyFi\" \/>\n<meta property=\"og:description\" content=\"Como funciona a plataforma OhmyFi? Antes de se conectarem \u00e0 rede Wi-Fi, os usu\u00e1rios devem passar por uma esp\u00e9cie de \u00abped\u00e1gio digital\u00bb de seus dispositivos e interagir com uma campanha de marketing ou publicidade da marca que patrocina o WiFi. Dessa forma, empresas e marcas s\u00e3o incentivadas a disponibilizar internet gratuita para seus clientes e ... Ler mais\" \/>\n<meta property=\"og:url\" content=\"https:\/\/ohmyfi.co\/pt-br\/perguntas-frequentes\/\" \/>\n<meta property=\"og:site_name\" content=\"ohmyFi\" \/>\n<meta property=\"article:modified_time\" content=\"2024-12-26T19:51:18+00:00\" \/>\n<meta property=\"og:image\" content=\"https:\/\/ohmyfi.co\/wp-content\/uploads\/2024\/12\/los-equipos-ap.png\" \/>\n\t<meta property=\"og:image:width\" content=\"1142\" \/>\n\t<meta property=\"og:image:height\" content=\"705\" \/>\n\t<meta property=\"og:image:type\" content=\"image\/png\" \/>\n<meta name=\"twitter:card\" content=\"summary_large_image\" \/>\n<meta name=\"twitter:label1\" content=\"Est. tempo de leitura\" \/>\n\t<meta name=\"twitter:data1\" content=\"3 minutos\" \/>\n<script type=\"application\/ld+json\" class=\"yoast-schema-graph\">{\"@context\":\"https:\/\/schema.org\",\"@graph\":[{\"@type\":\"WebPage\",\"@id\":\"https:\/\/ohmyfi.co\/pt-br\/perguntas-frequentes\/\",\"url\":\"https:\/\/ohmyfi.co\/pt-br\/perguntas-frequentes\/\",\"name\":\"Perguntas Frequentes - OhmyFi\",\"isPartOf\":{\"@id\":\"https:\/\/ohmyfi.co\/pt-br\/#website\"},\"primaryImageOfPage\":{\"@id\":\"https:\/\/ohmyfi.co\/pt-br\/perguntas-frequentes\/#primaryimage\"},\"image\":{\"@id\":\"https:\/\/ohmyfi.co\/pt-br\/perguntas-frequentes\/#primaryimage\"},\"thumbnailUrl\":\"https:\/\/ohmyfi.co\/wp-content\/uploads\/2024\/12\/los-equipos-ap-300x185.png\",\"datePublished\":\"2024-05-02T19:48:58+00:00\",\"dateModified\":\"2024-12-26T19:51:18+00:00\",\"breadcrumb\":{\"@id\":\"https:\/\/ohmyfi.co\/pt-br\/perguntas-frequentes\/#breadcrumb\"},\"inLanguage\":\"pt-BR\",\"potentialAction\":[{\"@type\":\"ReadAction\",\"target\":[\"https:\/\/ohmyfi.co\/pt-br\/perguntas-frequentes\/\"]}]},{\"@type\":\"ImageObject\",\"inLanguage\":\"pt-BR\",\"@id\":\"https:\/\/ohmyfi.co\/pt-br\/perguntas-frequentes\/#primaryimage\",\"url\":\"https:\/\/ohmyfi.co\/wp-content\/uploads\/2024\/12\/los-equipos-ap-300x185.png\",\"contentUrl\":\"https:\/\/ohmyfi.co\/wp-content\/uploads\/2024\/12\/los-equipos-ap-300x185.png\"},{\"@type\":\"BreadcrumbList\",\"@id\":\"https:\/\/ohmyfi.co\/pt-br\/perguntas-frequentes\/#breadcrumb\",\"itemListElement\":[{\"@type\":\"ListItem\",\"position\":1,\"name\":\"Home\",\"item\":\"https:\/\/ohmyfi.co\/pt-br\/\"},{\"@type\":\"ListItem\",\"position\":2,\"name\":\"Perguntas frequentes\"}]},{\"@type\":\"WebSite\",\"@id\":\"https:\/\/ohmyfi.co\/pt-br\/#website\",\"url\":\"https:\/\/ohmyfi.co\/pt-br\/\",\"name\":\"ohmyFi\",\"description\":\"Marketing Omnicanal\",\"publisher\":{\"@id\":\"https:\/\/ohmyfi.co\/pt-br\/#organization\"},\"potentialAction\":[{\"@type\":\"SearchAction\",\"target\":{\"@type\":\"EntryPoint\",\"urlTemplate\":\"https:\/\/ohmyfi.co\/pt-br\/?s={search_term_string}\"},\"query-input\":{\"@type\":\"PropertyValueSpecification\",\"valueRequired\":true,\"valueName\":\"search_term_string\"}}],\"inLanguage\":\"pt-BR\"},{\"@type\":\"Organization\",\"@id\":\"https:\/\/ohmyfi.co\/pt-br\/#organization\",\"name\":\"OhmyFi\",\"url\":\"https:\/\/ohmyfi.co\/pt-br\/\",\"logo\":{\"@type\":\"ImageObject\",\"inLanguage\":\"pt-BR\",\"@id\":\"https:\/\/ohmyfi.co\/pt-br\/#\/schema\/logo\/image\/\",\"url\":\"https:\/\/ohmyfi.co\/wp-content\/uploads\/2020\/10\/favicon.png\",\"contentUrl\":\"https:\/\/ohmyfi.co\/wp-content\/uploads\/2020\/10\/favicon.png\",\"width\":512,\"height\":512,\"caption\":\"OhmyFi\"},\"image\":{\"@id\":\"https:\/\/ohmyfi.co\/pt-br\/#\/schema\/logo\/image\/\"}}]}<\/script>\n<!-- \/ Yoast SEO plugin. -->","yoast_head_json":{"title":"Perguntas Frequentes - OhmyFi","robots":{"index":"index","follow":"follow","max-snippet":"max-snippet:-1","max-image-preview":"max-image-preview:large","max-video-preview":"max-video-preview:-1"},"canonical":"https:\/\/ohmyfi.co\/pt-br\/perguntas-frequentes\/","og_locale":"pt_BR","og_type":"article","og_title":"Perguntas Frequentes - OhmyFi","og_description":"Como funciona a plataforma OhmyFi? Antes de se conectarem \u00e0 rede Wi-Fi, os usu\u00e1rios devem passar por uma esp\u00e9cie de \u00abped\u00e1gio digital\u00bb de seus dispositivos e interagir com uma campanha de marketing ou publicidade da marca que patrocina o WiFi. Dessa forma, empresas e marcas s\u00e3o incentivadas a disponibilizar internet gratuita para seus clientes e ... Ler mais","og_url":"https:\/\/ohmyfi.co\/pt-br\/perguntas-frequentes\/","og_site_name":"ohmyFi","article_modified_time":"2024-12-26T19:51:18+00:00","og_image":[{"width":1142,"height":705,"url":"https:\/\/ohmyfi.co\/wp-content\/uploads\/2024\/12\/los-equipos-ap.png","type":"image\/png"}],"twitter_card":"summary_large_image","twitter_misc":{"Est. tempo de leitura":"3 minutos"},"schema":{"@context":"https:\/\/schema.org","@graph":[{"@type":"WebPage","@id":"https:\/\/ohmyfi.co\/pt-br\/perguntas-frequentes\/","url":"https:\/\/ohmyfi.co\/pt-br\/perguntas-frequentes\/","name":"Perguntas Frequentes - OhmyFi","isPartOf":{"@id":"https:\/\/ohmyfi.co\/pt-br\/#website"},"primaryImageOfPage":{"@id":"https:\/\/ohmyfi.co\/pt-br\/perguntas-frequentes\/#primaryimage"},"image":{"@id":"https:\/\/ohmyfi.co\/pt-br\/perguntas-frequentes\/#primaryimage"},"thumbnailUrl":"https:\/\/ohmyfi.co\/wp-content\/uploads\/2024\/12\/los-equipos-ap-300x185.png","datePublished":"2024-05-02T19:48:58+00:00","dateModified":"2024-12-26T19:51:18+00:00","breadcrumb":{"@id":"https:\/\/ohmyfi.co\/pt-br\/perguntas-frequentes\/#breadcrumb"},"inLanguage":"pt-BR","potentialAction":[{"@type":"ReadAction","target":["https:\/\/ohmyfi.co\/pt-br\/perguntas-frequentes\/"]}]},{"@type":"ImageObject","inLanguage":"pt-BR","@id":"https:\/\/ohmyfi.co\/pt-br\/perguntas-frequentes\/#primaryimage","url":"https:\/\/ohmyfi.co\/wp-content\/uploads\/2024\/12\/los-equipos-ap-300x185.png","contentUrl":"https:\/\/ohmyfi.co\/wp-content\/uploads\/2024\/12\/los-equipos-ap-300x185.png"},{"@type":"BreadcrumbList","@id":"https:\/\/ohmyfi.co\/pt-br\/perguntas-frequentes\/#breadcrumb","itemListElement":[{"@type":"ListItem","position":1,"name":"Home","item":"https:\/\/ohmyfi.co\/pt-br\/"},{"@type":"ListItem","position":2,"name":"Perguntas frequentes"}]},{"@type":"WebSite","@id":"https:\/\/ohmyfi.co\/pt-br\/#website","url":"https:\/\/ohmyfi.co\/pt-br\/","name":"ohmyFi","description":"Marketing Omnicanal","publisher":{"@id":"https:\/\/ohmyfi.co\/pt-br\/#organization"},"potentialAction":[{"@type":"SearchAction","target":{"@type":"EntryPoint","urlTemplate":"https:\/\/ohmyfi.co\/pt-br\/?s={search_term_string}"},"query-input":{"@type":"PropertyValueSpecification","valueRequired":true,"valueName":"search_term_string"}}],"inLanguage":"pt-BR"},{"@type":"Organization","@id":"https:\/\/ohmyfi.co\/pt-br\/#organization","name":"OhmyFi","url":"https:\/\/ohmyfi.co\/pt-br\/","logo":{"@type":"ImageObject","inLanguage":"pt-BR","@id":"https:\/\/ohmyfi.co\/pt-br\/#\/schema\/logo\/image\/","url":"https:\/\/ohmyfi.co\/wp-content\/uploads\/2020\/10\/favicon.png","contentUrl":"https:\/\/ohmyfi.co\/wp-content\/uploads\/2020\/10\/favicon.png","width":512,"height":512,"caption":"OhmyFi"},"image":{"@id":"https:\/\/ohmyfi.co\/pt-br\/#\/schema\/logo\/image\/"}}]}},"_links":{"self":[{"href":"https:\/\/ohmyfi.co\/pt-br\/wp-json\/wp\/v2\/pages\/5958","targetHints":{"allow":["GET"]}}],"collection":[{"href":"https:\/\/ohmyfi.co\/pt-br\/wp-json\/wp\/v2\/pages"}],"about":[{"href":"https:\/\/ohmyfi.co\/pt-br\/wp-json\/wp\/v2\/types\/page"}],"author":[{"embeddable":true,"href":"https:\/\/ohmyfi.co\/pt-br\/wp-json\/wp\/v2\/users\/6"}],"replies":[{"embeddable":true,"href":"https:\/\/ohmyfi.co\/pt-br\/wp-json\/wp\/v2\/comments?post=5958"}],"version-history":[{"count":7,"href":"https:\/\/ohmyfi.co\/pt-br\/wp-json\/wp\/v2\/pages\/5958\/revisions"}],"predecessor-version":[{"id":7223,"href":"https:\/\/ohmyfi.co\/pt-br\/wp-json\/wp\/v2\/pages\/5958\/revisions\/7223"}],"wp:attachment":[{"href":"https:\/\/ohmyfi.co\/pt-br\/wp-json\/wp\/v2\/media?parent=5958"}],"curies":[{"name":"wp","href":"https:\/\/api.w.org\/{rel}","templated":true}]}}