{"id":6965,"date":"2024-11-19T16:43:49","date_gmt":"2024-11-19T16:43:49","guid":{"rendered":"https:\/\/ohmyfi.co\/termos-e-condicoes\/"},"modified":"2024-12-26T20:13:30","modified_gmt":"2024-12-26T20:13:30","slug":"termos-e-condicoes","status":"publish","type":"page","link":"https:\/\/ohmyfi.co\/pt-br\/termos-e-condicoes\/","title":{"rendered":"Termos e Condi\u00e7\u00f5es"},"content":{"rendered":"\t\t<div data-elementor-type=\"wp-page\" data-elementor-id=\"6965\" class=\"elementor elementor-6965 elementor-907\" data-elementor-post-type=\"page\">\n\t\t\t\t\t\t<section class=\"elementor-section elementor-top-section elementor-element elementor-element-4a35bde elementor-section-boxed elementor-section-height-default elementor-section-height-default\" data-id=\"4a35bde\" data-element_type=\"section\" data-settings=\"{&quot;background_background&quot;:&quot;classic&quot;}\">\n\t\t\t\t\t\t<div class=\"elementor-container elementor-column-gap-default\">\n\t\t\t\t\t<div class=\"elementor-column elementor-col-100 elementor-top-column elementor-element elementor-element-764ba08\" data-id=\"764ba08\" data-element_type=\"column\">\n\t\t\t<div class=\"elementor-widget-wrap elementor-element-populated\">\n\t\t\t\t\t\t\t<\/div>\n\t\t<\/div>\n\t\t\t\t\t<\/div>\n\t\t<\/section>\n\t\t\t\t<section class=\"elementor-section elementor-top-section elementor-element elementor-element-0832cf7 elementor-section-boxed elementor-section-height-default elementor-section-height-default\" data-id=\"0832cf7\" data-element_type=\"section\">\n\t\t\t\t\t\t<div class=\"elementor-container elementor-column-gap-default\">\n\t\t\t\t\t<div class=\"elementor-column elementor-col-100 elementor-top-column elementor-element elementor-element-3a9346c\" data-id=\"3a9346c\" data-element_type=\"column\">\n\t\t\t<div class=\"elementor-widget-wrap elementor-element-populated\">\n\t\t\t\t\t\t<div class=\"elementor-element elementor-element-746f268 elementor-widget elementor-widget-text-editor\" data-id=\"746f268\" data-element_type=\"widget\" data-widget_type=\"text-editor.default\">\n\t\t\t\t<div class=\"elementor-widget-container\">\n\t\t\t\t\t\t\t\t\t<p><strong>TERMOS E CONDI\u00c7\u00d5ES DOS SERVI\u00c7OS OH MY FI S.A.S.<\/strong><\/p><p>\u00a0<\/p><p><b>DEFINI\u00c7\u00d5ES:<\/b><\/p><p><b><br \/><\/b>OH MY Fi S.A.S: \u00c9 a empresa desenvolvedora da plataforma OhmyFi; especializada em servi\u00e7os de intelig\u00eancia de neg\u00f3cios, marketing digital, publicidade, captura de informa\u00e7\u00f5es e comunica\u00e7\u00e3o por meio de acesso \u00e0 Internet via WiFi em estabelecimentos comerciais.<\/p><p>USU\u00c1RIO(S): Qualquer pessoa que esteja pr\u00f3xima ao estabelecimento comercial que tenha pontos WiFi associados ao OhmyFi e se conecte ao WiFi atrav\u00e9s de seu dispositivo.<\/p><p>CLIENTE(S): Qualquer empresa com finalidade comercial que implemente a plataforma OhmyFi nos pontos WiFi do seu estabelecimento ou que se promova na mesma.<\/p><p>Os servi\u00e7os da OhmyFi s\u00e3o regidos pelas seguintes cl\u00e1usulas:<\/p><ul><li>PRIMEIRO: O Servi\u00e7o de Internet n\u00e3o tem custo para o USU\u00c1RIO (com exce\u00e7\u00e3o de alguns CLIENTES que cobram de seus USU\u00c1RIOS pelo servi\u00e7o), uma vez que a OH MY Fi S.A.S n\u00e3o cobra do USU\u00c1RIO que est\u00e1 dentro do estabelecimento nenhuma taxa anual ou mensal pelo acesso \u00e0 plataforma customizada para o Estabelecimento Comercial.<\/li><li>SEGUNDO: Em uma conex\u00e3o com a Internet usando WiFi, a velocidade de transfer\u00eancia de dados n\u00e3o pode ser garantida pela OH MY Fi S.A.S ou pelo CLIENTE.<\/li><li>TERCEIRO: O CLIENTE aceita expressamente, sem exce\u00e7\u00e3o, que o acesso e uso da plataforma personalizada do Comerciante \u00e9 de sua \u00fanica e exclusiva responsabilidade.<\/li><li>QUARTO: Embora a OH MY Fi S.A.S tenha implementado todas as medidas para garantir a seguran\u00e7a, ela n\u00e3o controla, nem garante, a aus\u00eancia de software malicioso, ou outros elementos nos conte\u00fados da plataforma personalizada do Estabelecimento Comercial que possam causar altera\u00e7\u00f5es no sistema inform\u00e1tico (equipamentos ou programas) do USU\u00c1RIO. A OH MY Fi S.A.S est\u00e1 isenta de qualquer responsabilidade por dados e danos de qualquer natureza que possam ser devidos \u00e0 presen\u00e7a de software malicioso nos conte\u00fados que possam causar altera\u00e7\u00f5es no sistema.<\/li><li>QUINTO: A OH MY Fi S.A.S coloca \u00e0 disposi\u00e7\u00e3o dos USU\u00c1RIOS e seus CLIENTES, os sistemas de privacidade de dados pessoais (Habeas Data) que impedem o acesso de terceiros. Neste sentido, a OH MY Fi S.A.S est\u00e1 isenta de qualquer responsabilidade pelos dados e pelos danos causados em caso de tal acesso ou uso indevido por parte do CLIENTE.<\/li><li>SEXTO: Caso o USU\u00c1RIO que se encontre dentro do Estabelecimento Comercial, n\u00e3o concorde com o conte\u00fado destas condi\u00e7\u00f5es gerais de navega\u00e7\u00e3o, dever\u00e1 sair da plataforma OhmyFi do Estabelecimento Comercial, sem poder acessar ou dispor dos servi\u00e7os oferecidos.<\/li><li>S\u00c9TIMO: A OHMYFI n\u00e3o exerce controle, nem assume qualquer responsabilidade pelo conte\u00fado publicado pelo CLIENTE na plataforma, em virtude do exposto o CLIENTE n\u00e3o poder\u00e1 hospedar nenhum sistema ou componente que esteja relacionado a conte\u00fado de sexo, viol\u00eancia, pornografia ou pornografia infantil.<\/li><\/ul><p><i>\u00daltima modifica\u00e7\u00e3o Mar\u00e7o 13, 2020. <\/i><\/p>\t\t\t\t\t\t\t\t<\/div>\n\t\t\t\t<\/div>\n\t\t\t\t\t<\/div>\n\t\t<\/div>\n\t\t\t\t\t<\/div>\n\t\t<\/section>\n\t\t\t\t<\/div>\n\t\t","protected":false},"excerpt":{"rendered":"<p>TERMOS E CONDI\u00c7\u00d5ES DOS SERVI\u00c7OS OH MY FI S.A.S. \u00a0 DEFINI\u00c7\u00d5ES: OH MY Fi S.A.S: \u00c9 a empresa desenvolvedora da plataforma OhmyFi; especializada em servi\u00e7os de intelig\u00eancia de neg\u00f3cios, marketing digital, publicidade, captura de informa\u00e7\u00f5es e comunica\u00e7\u00e3o por meio de acesso \u00e0 Internet via WiFi em estabelecimentos comerciais. USU\u00c1RIO(S): Qualquer pessoa que esteja pr\u00f3xima ao &#8230; <a title=\"Termos e Condi\u00e7\u00f5es\" class=\"read-more\" href=\"https:\/\/ohmyfi.co\/pt-br\/termos-e-condicoes\/\" aria-label=\"More on Termos e Condi\u00e7\u00f5es\">Ler mais<\/a><\/p>\n","protected":false},"author":6,"featured_media":0,"parent":0,"menu_order":6,"comment_status":"closed","ping_status":"closed","template":"elementor_header_footer","meta":{"content-type":"","inline_featured_image":false,"footnotes":""},"class_list":["post-6965","page","type-page","status-publish"],"yoast_head":"<!-- This site is optimized with the Yoast SEO plugin v25.8 - https:\/\/yoast.com\/wordpress\/plugins\/seo\/ -->\n<title>Termos e Condi\u00e7\u00f5es<\/title>\n<meta name=\"robots\" content=\"noindex, follow\" \/>\n<meta property=\"og:locale\" content=\"pt_BR\" \/>\n<meta property=\"og:type\" content=\"article\" \/>\n<meta property=\"og:title\" content=\"Termos e Condi\u00e7\u00f5es\" \/>\n<meta property=\"og:description\" content=\"TERMOS E CONDI\u00c7\u00d5ES DOS SERVI\u00c7OS OH MY FI S.A.S. \u00a0 DEFINI\u00c7\u00d5ES: OH MY Fi S.A.S: \u00c9 a empresa desenvolvedora da plataforma OhmyFi; especializada em servi\u00e7os de intelig\u00eancia de neg\u00f3cios, marketing digital, publicidade, captura de informa\u00e7\u00f5es e comunica\u00e7\u00e3o por meio de acesso \u00e0 Internet via WiFi em estabelecimentos comerciais. USU\u00c1RIO(S): Qualquer pessoa que esteja pr\u00f3xima ao ... Ler mais\" \/>\n<meta property=\"og:url\" content=\"https:\/\/ohmyfi.co\/pt-br\/termos-e-condicoes\/\" \/>\n<meta property=\"og:site_name\" content=\"ohmyFi\" \/>\n<meta property=\"article:modified_time\" content=\"2024-12-26T20:13:30+00:00\" \/>\n<meta name=\"twitter:card\" content=\"summary_large_image\" \/>\n<meta name=\"twitter:label1\" content=\"Est. tempo de leitura\" \/>\n\t<meta name=\"twitter:data1\" content=\"2 minutos\" \/>\n<script type=\"application\/ld+json\" class=\"yoast-schema-graph\">{\"@context\":\"https:\/\/schema.org\",\"@graph\":[{\"@type\":\"WebPage\",\"@id\":\"https:\/\/ohmyfi.co\/pt-br\/termos-e-condicoes\/\",\"url\":\"https:\/\/ohmyfi.co\/pt-br\/termos-e-condicoes\/\",\"name\":\"Termos e Condi\u00e7\u00f5es\",\"isPartOf\":{\"@id\":\"https:\/\/ohmyfi.co\/pt-br\/#website\"},\"datePublished\":\"2024-11-19T16:43:49+00:00\",\"dateModified\":\"2024-12-26T20:13:30+00:00\",\"breadcrumb\":{\"@id\":\"https:\/\/ohmyfi.co\/pt-br\/termos-e-condicoes\/#breadcrumb\"},\"inLanguage\":\"pt-BR\",\"potentialAction\":[{\"@type\":\"ReadAction\",\"target\":[\"https:\/\/ohmyfi.co\/pt-br\/termos-e-condicoes\/\"]}]},{\"@type\":\"BreadcrumbList\",\"@id\":\"https:\/\/ohmyfi.co\/pt-br\/termos-e-condicoes\/#breadcrumb\",\"itemListElement\":[{\"@type\":\"ListItem\",\"position\":1,\"name\":\"Home\",\"item\":\"https:\/\/ohmyfi.co\/pt-br\/\"},{\"@type\":\"ListItem\",\"position\":2,\"name\":\"Termos e Condi\u00e7\u00f5es\"}]},{\"@type\":\"WebSite\",\"@id\":\"https:\/\/ohmyfi.co\/pt-br\/#website\",\"url\":\"https:\/\/ohmyfi.co\/pt-br\/\",\"name\":\"ohmyFi\",\"description\":\"Marketing Omnicanal\",\"publisher\":{\"@id\":\"https:\/\/ohmyfi.co\/pt-br\/#organization\"},\"potentialAction\":[{\"@type\":\"SearchAction\",\"target\":{\"@type\":\"EntryPoint\",\"urlTemplate\":\"https:\/\/ohmyfi.co\/pt-br\/?s={search_term_string}\"},\"query-input\":{\"@type\":\"PropertyValueSpecification\",\"valueRequired\":true,\"valueName\":\"search_term_string\"}}],\"inLanguage\":\"pt-BR\"},{\"@type\":\"Organization\",\"@id\":\"https:\/\/ohmyfi.co\/pt-br\/#organization\",\"name\":\"OhmyFi\",\"url\":\"https:\/\/ohmyfi.co\/pt-br\/\",\"logo\":{\"@type\":\"ImageObject\",\"inLanguage\":\"pt-BR\",\"@id\":\"https:\/\/ohmyfi.co\/pt-br\/#\/schema\/logo\/image\/\",\"url\":\"https:\/\/ohmyfi.co\/wp-content\/uploads\/2020\/10\/favicon.png\",\"contentUrl\":\"https:\/\/ohmyfi.co\/wp-content\/uploads\/2020\/10\/favicon.png\",\"width\":512,\"height\":512,\"caption\":\"OhmyFi\"},\"image\":{\"@id\":\"https:\/\/ohmyfi.co\/pt-br\/#\/schema\/logo\/image\/\"}}]}<\/script>\n<!-- \/ Yoast SEO plugin. -->","yoast_head_json":{"title":"Termos e Condi\u00e7\u00f5es","robots":{"index":"noindex","follow":"follow"},"og_locale":"pt_BR","og_type":"article","og_title":"Termos e Condi\u00e7\u00f5es","og_description":"TERMOS E CONDI\u00c7\u00d5ES DOS SERVI\u00c7OS OH MY FI S.A.S. \u00a0 DEFINI\u00c7\u00d5ES: OH MY Fi S.A.S: \u00c9 a empresa desenvolvedora da plataforma OhmyFi; especializada em servi\u00e7os de intelig\u00eancia de neg\u00f3cios, marketing digital, publicidade, captura de informa\u00e7\u00f5es e comunica\u00e7\u00e3o por meio de acesso \u00e0 Internet via WiFi em estabelecimentos comerciais. USU\u00c1RIO(S): Qualquer pessoa que esteja pr\u00f3xima ao ... Ler mais","og_url":"https:\/\/ohmyfi.co\/pt-br\/termos-e-condicoes\/","og_site_name":"ohmyFi","article_modified_time":"2024-12-26T20:13:30+00:00","twitter_card":"summary_large_image","twitter_misc":{"Est. tempo de leitura":"2 minutos"},"schema":{"@context":"https:\/\/schema.org","@graph":[{"@type":"WebPage","@id":"https:\/\/ohmyfi.co\/pt-br\/termos-e-condicoes\/","url":"https:\/\/ohmyfi.co\/pt-br\/termos-e-condicoes\/","name":"Termos e Condi\u00e7\u00f5es","isPartOf":{"@id":"https:\/\/ohmyfi.co\/pt-br\/#website"},"datePublished":"2024-11-19T16:43:49+00:00","dateModified":"2024-12-26T20:13:30+00:00","breadcrumb":{"@id":"https:\/\/ohmyfi.co\/pt-br\/termos-e-condicoes\/#breadcrumb"},"inLanguage":"pt-BR","potentialAction":[{"@type":"ReadAction","target":["https:\/\/ohmyfi.co\/pt-br\/termos-e-condicoes\/"]}]},{"@type":"BreadcrumbList","@id":"https:\/\/ohmyfi.co\/pt-br\/termos-e-condicoes\/#breadcrumb","itemListElement":[{"@type":"ListItem","position":1,"name":"Home","item":"https:\/\/ohmyfi.co\/pt-br\/"},{"@type":"ListItem","position":2,"name":"Termos e Condi\u00e7\u00f5es"}]},{"@type":"WebSite","@id":"https:\/\/ohmyfi.co\/pt-br\/#website","url":"https:\/\/ohmyfi.co\/pt-br\/","name":"ohmyFi","description":"Marketing Omnicanal","publisher":{"@id":"https:\/\/ohmyfi.co\/pt-br\/#organization"},"potentialAction":[{"@type":"SearchAction","target":{"@type":"EntryPoint","urlTemplate":"https:\/\/ohmyfi.co\/pt-br\/?s={search_term_string}"},"query-input":{"@type":"PropertyValueSpecification","valueRequired":true,"valueName":"search_term_string"}}],"inLanguage":"pt-BR"},{"@type":"Organization","@id":"https:\/\/ohmyfi.co\/pt-br\/#organization","name":"OhmyFi","url":"https:\/\/ohmyfi.co\/pt-br\/","logo":{"@type":"ImageObject","inLanguage":"pt-BR","@id":"https:\/\/ohmyfi.co\/pt-br\/#\/schema\/logo\/image\/","url":"https:\/\/ohmyfi.co\/wp-content\/uploads\/2020\/10\/favicon.png","contentUrl":"https:\/\/ohmyfi.co\/wp-content\/uploads\/2020\/10\/favicon.png","width":512,"height":512,"caption":"OhmyFi"},"image":{"@id":"https:\/\/ohmyfi.co\/pt-br\/#\/schema\/logo\/image\/"}}]}},"_links":{"self":[{"href":"https:\/\/ohmyfi.co\/pt-br\/wp-json\/wp\/v2\/pages\/6965","targetHints":{"allow":["GET"]}}],"collection":[{"href":"https:\/\/ohmyfi.co\/pt-br\/wp-json\/wp\/v2\/pages"}],"about":[{"href":"https:\/\/ohmyfi.co\/pt-br\/wp-json\/wp\/v2\/types\/page"}],"author":[{"embeddable":true,"href":"https:\/\/ohmyfi.co\/pt-br\/wp-json\/wp\/v2\/users\/6"}],"replies":[{"embeddable":true,"href":"https:\/\/ohmyfi.co\/pt-br\/wp-json\/wp\/v2\/comments?post=6965"}],"version-history":[{"count":4,"href":"https:\/\/ohmyfi.co\/pt-br\/wp-json\/wp\/v2\/pages\/6965\/revisions"}],"predecessor-version":[{"id":7242,"href":"https:\/\/ohmyfi.co\/pt-br\/wp-json\/wp\/v2\/pages\/6965\/revisions\/7242"}],"wp:attachment":[{"href":"https:\/\/ohmyfi.co\/pt-br\/wp-json\/wp\/v2\/media?parent=6965"}],"curies":[{"name":"wp","href":"https:\/\/api.w.org\/{rel}","templated":true}]}}